{"id":9076,"date":"2026-03-23T11:49:40","date_gmt":"2026-03-23T10:49:40","guid":{"rendered":"https:\/\/shop.italpreziosi.it\/?post_type=product&#038;p=9076"},"modified":"2026-03-23T15:25:18","modified_gmt":"2026-03-23T14:25:18","slug":"gengis-khan","status":"publish","type":"product","link":"https:\/\/shop.italpreziosi.it\/es\/colecciones\/monedas\/gengis-khan\/","title":{"rendered":"Gengis Khan"},"content":{"rendered":"<p>Esta emisi\u00f3n est\u00e1 dedicada a la extraordinaria figura de Gengis Kan, representado en el trono con gran majestuosidad y detalles en alto relieve. El dise\u00f1o se inspira en la monumental estatua inaugurada en 2025, s\u00edmbolo del nacimiento del Imperio Mongol. Los rayos del sol en el fondo representan poder e iluminaci\u00f3n, mientras el paisaje evoca las monta\u00f1as y estepas de Mongolia. El anverso muestra un \u00e1guila majestuosa, s\u00edmbolo de fuerza, libertad y tradici\u00f3n en la cultura mongola.<\/p>\n","protected":false},"excerpt":{"rendered":"<p>Esta emisi\u00f3n est\u00e1 dedicada a la extraordinaria figura de Gengis Kan, representado en el trono con gran majestuosidad y detalles en alto relieve. El dise\u00f1o se inspira en la monumental estatua inaugurada en 2025, s\u00edmbolo del nacimiento del Imperio Mongol. Los rayos del sol en el fondo representan poder e iluminaci\u00f3n, mientras el paisaje evoca [&hellip;]<\/p>\n","protected":false},"featured_media":9072,"comment_status":"closed","ping_status":"closed","template":"","meta":{"_acf_changed":false},"product_brand":[],"product_cat":[327,323],"product_tag":[],"class_list":{"0":"post-9076","1":"product","2":"type-product","3":"status-publish","4":"has-post-thumbnail","6":"product_cat-monedas","7":"product_cat-colecciones","8":"pa_metallo-plata","10":"first","11":"instock","12":"taxable","13":"shipping-taxable","14":"purchasable","15":"product-type-simple"},"acf":[],"_links":{"self":[{"href":"https:\/\/shop.italpreziosi.it\/es\/wp-json\/wp\/v2\/product\/9076","targetHints":{"allow":["GET"]}}],"collection":[{"href":"https:\/\/shop.italpreziosi.it\/es\/wp-json\/wp\/v2\/product"}],"about":[{"href":"https:\/\/shop.italpreziosi.it\/es\/wp-json\/wp\/v2\/types\/product"}],"replies":[{"embeddable":true,"href":"https:\/\/shop.italpreziosi.it\/es\/wp-json\/wp\/v2\/comments?post=9076"}],"wp:featuredmedia":[{"embeddable":true,"href":"https:\/\/shop.italpreziosi.it\/es\/wp-json\/wp\/v2\/media\/9072"}],"wp:attachment":[{"href":"https:\/\/shop.italpreziosi.it\/es\/wp-json\/wp\/v2\/media?parent=9076"}],"wp:term":[{"taxonomy":"product_brand","embeddable":true,"href":"https:\/\/shop.italpreziosi.it\/es\/wp-json\/wp\/v2\/product_brand?post=9076"},{"taxonomy":"product_cat","embeddable":true,"href":"https:\/\/shop.italpreziosi.it\/es\/wp-json\/wp\/v2\/product_cat?post=9076"},{"taxonomy":"product_tag","embeddable":true,"href":"https:\/\/shop.italpreziosi.it\/es\/wp-json\/wp\/v2\/product_tag?post=9076"}],"curies":[{"name":"wp","href":"https:\/\/api.w.org\/{rel}","templated":true}]}}