{"id":9059,"date":"2026-03-23T11:43:50","date_gmt":"2026-03-23T10:43:50","guid":{"rendered":"https:\/\/shop.italpreziosi.it\/?post_type=product&#038;p=9059"},"modified":"2026-03-23T15:25:12","modified_gmt":"2026-03-23T14:25:12","slug":"jurassic-relics-carcharodontosaurus","status":"publish","type":"product","link":"https:\/\/shop.italpreziosi.it\/es\/colecciones\/monedas\/jurassic-relics-carcharodontosaurus\/","title":{"rendered":"Jurassic Relics Carcharodontosaurus"},"content":{"rendered":"<p>El Carcharodontosaurus, cuyo nombre significa \u201clagarto de dientes de tibur\u00f3n\u201d, fue uno de los mayores dinosaurios carn\u00edvoros que existieron. Vivi\u00f3 hace 100\u201393 millones de a\u00f1os en lo que hoy es el norte de \u00c1frica y pod\u00eda alcanzar 12\u201313 metros de longitud y hasta 8 toneladas. Era un depredador poderoso y probablemente veloz que cazaba grandes herb\u00edvoros como los saur\u00f3podos. Aunque a menudo se compara con el Tyrannosaurus rex, vivi\u00f3 millones de a\u00f1os antes.<\/p>\n","protected":false},"excerpt":{"rendered":"<p>El Carcharodontosaurus, cuyo nombre significa \u201clagarto de dientes de tibur\u00f3n\u201d, fue uno de los mayores dinosaurios carn\u00edvoros que existieron. Vivi\u00f3 hace 100\u201393 millones de a\u00f1os en lo que hoy es el norte de \u00c1frica y pod\u00eda alcanzar 12\u201313 metros de longitud y hasta 8 toneladas. Era un depredador poderoso y probablemente veloz que cazaba grandes [&hellip;]<\/p>\n","protected":false},"featured_media":9056,"comment_status":"closed","ping_status":"closed","template":"","meta":{"_acf_changed":false},"product_brand":[],"product_cat":[327,323],"product_tag":[],"class_list":{"0":"post-9059","1":"product","2":"type-product","3":"status-publish","4":"has-post-thumbnail","6":"product_cat-monedas","7":"product_cat-colecciones","8":"pa_metallo-plata","10":"first","11":"instock","12":"taxable","13":"shipping-taxable","14":"purchasable","15":"product-type-simple"},"acf":[],"_links":{"self":[{"href":"https:\/\/shop.italpreziosi.it\/es\/wp-json\/wp\/v2\/product\/9059","targetHints":{"allow":["GET"]}}],"collection":[{"href":"https:\/\/shop.italpreziosi.it\/es\/wp-json\/wp\/v2\/product"}],"about":[{"href":"https:\/\/shop.italpreziosi.it\/es\/wp-json\/wp\/v2\/types\/product"}],"replies":[{"embeddable":true,"href":"https:\/\/shop.italpreziosi.it\/es\/wp-json\/wp\/v2\/comments?post=9059"}],"wp:featuredmedia":[{"embeddable":true,"href":"https:\/\/shop.italpreziosi.it\/es\/wp-json\/wp\/v2\/media\/9056"}],"wp:attachment":[{"href":"https:\/\/shop.italpreziosi.it\/es\/wp-json\/wp\/v2\/media?parent=9059"}],"wp:term":[{"taxonomy":"product_brand","embeddable":true,"href":"https:\/\/shop.italpreziosi.it\/es\/wp-json\/wp\/v2\/product_brand?post=9059"},{"taxonomy":"product_cat","embeddable":true,"href":"https:\/\/shop.italpreziosi.it\/es\/wp-json\/wp\/v2\/product_cat?post=9059"},{"taxonomy":"product_tag","embeddable":true,"href":"https:\/\/shop.italpreziosi.it\/es\/wp-json\/wp\/v2\/product_tag?post=9059"}],"curies":[{"name":"wp","href":"https:\/\/api.w.org\/{rel}","templated":true}]}}