{"id":9051,"date":"2026-03-23T11:39:37","date_gmt":"2026-03-23T10:39:37","guid":{"rendered":"https:\/\/shop.italpreziosi.it\/?post_type=product&#038;p=9051"},"modified":"2026-03-23T15:25:00","modified_gmt":"2026-03-23T14:25:00","slug":"dragon-del-trueno","status":"publish","type":"product","link":"https:\/\/shop.italpreziosi.it\/es\/colecciones\/monedas\/dragon-del-trueno\/","title":{"rendered":"Drag\u00f3n del Trueno"},"content":{"rendered":"<p>Esta moneda celebra la uni\u00f3n entre guerrero y drag\u00f3n, s\u00edmbolos de fuerza, sabidur\u00eda y poder espiritual. El guerrero representa honor, disciplina y lealtad, mientras que el drag\u00f3n encarna energ\u00eda y las fuerzas m\u00edsticas de la naturaleza. Juntos expresan el equilibrio entre poder marcial y sabidur\u00eda interior. La moneda de 3 onzas presenta ultra alto relieve y una forma c\u00f3ncava que hace que el drag\u00f3n parezca cobrar vida.<\/p>\n","protected":false},"excerpt":{"rendered":"<p>Esta moneda celebra la uni\u00f3n entre guerrero y drag\u00f3n, s\u00edmbolos de fuerza, sabidur\u00eda y poder espiritual. El guerrero representa honor, disciplina y lealtad, mientras que el drag\u00f3n encarna energ\u00eda y las fuerzas m\u00edsticas de la naturaleza. Juntos expresan el equilibrio entre poder marcial y sabidur\u00eda interior. La moneda de 3 onzas presenta ultra alto relieve [&hellip;]<\/p>\n","protected":false},"featured_media":9048,"comment_status":"closed","ping_status":"closed","template":"","meta":{"_acf_changed":false},"product_brand":[],"product_cat":[327,323],"product_tag":[],"class_list":{"0":"post-9051","1":"product","2":"type-product","3":"status-publish","4":"has-post-thumbnail","6":"product_cat-monedas","7":"product_cat-colecciones","8":"pa_metallo-plata","10":"first","11":"outofstock","12":"taxable","13":"shipping-taxable","14":"purchasable","15":"product-type-simple"},"acf":[],"_links":{"self":[{"href":"https:\/\/shop.italpreziosi.it\/es\/wp-json\/wp\/v2\/product\/9051","targetHints":{"allow":["GET"]}}],"collection":[{"href":"https:\/\/shop.italpreziosi.it\/es\/wp-json\/wp\/v2\/product"}],"about":[{"href":"https:\/\/shop.italpreziosi.it\/es\/wp-json\/wp\/v2\/types\/product"}],"replies":[{"embeddable":true,"href":"https:\/\/shop.italpreziosi.it\/es\/wp-json\/wp\/v2\/comments?post=9051"}],"wp:featuredmedia":[{"embeddable":true,"href":"https:\/\/shop.italpreziosi.it\/es\/wp-json\/wp\/v2\/media\/9048"}],"wp:attachment":[{"href":"https:\/\/shop.italpreziosi.it\/es\/wp-json\/wp\/v2\/media?parent=9051"}],"wp:term":[{"taxonomy":"product_brand","embeddable":true,"href":"https:\/\/shop.italpreziosi.it\/es\/wp-json\/wp\/v2\/product_brand?post=9051"},{"taxonomy":"product_cat","embeddable":true,"href":"https:\/\/shop.italpreziosi.it\/es\/wp-json\/wp\/v2\/product_cat?post=9051"},{"taxonomy":"product_tag","embeddable":true,"href":"https:\/\/shop.italpreziosi.it\/es\/wp-json\/wp\/v2\/product_tag?post=9051"}],"curies":[{"name":"wp","href":"https:\/\/api.w.org\/{rel}","templated":true}]}}