{"id":9043,"date":"2026-03-23T11:35:24","date_gmt":"2026-03-23T10:35:24","guid":{"rendered":"https:\/\/shop.italpreziosi.it\/?post_type=product&#038;p=9043"},"modified":"2026-03-23T15:24:57","modified_gmt":"2026-03-23T14:24:57","slug":"bionics-orquidea","status":"publish","type":"product","link":"https:\/\/shop.italpreziosi.it\/es\/colecciones\/monedas\/bionics-orquidea\/","title":{"rendered":"Bionics \u2013 Orqu\u00eddea"},"content":{"rendered":"<p>La orqu\u00eddea, s\u00edmbolo de belleza y elegancia, cobra forma en Bionics \u2013 Orchid, una moneda que une naturaleza y arte numism\u00e1tico contempor\u00e1neo. La coloraci\u00f3n met\u00e1lica en tonos violeta y lila aporta reflejos luminosos al dise\u00f1o. La estructura low poly crea un elegante contraste entre forma natural y geometr\u00eda moderna.<\/p>\n","protected":false},"excerpt":{"rendered":"<p>La orqu\u00eddea, s\u00edmbolo de belleza y elegancia, cobra forma en Bionics \u2013 Orchid, una moneda que une naturaleza y arte numism\u00e1tico contempor\u00e1neo. La coloraci\u00f3n met\u00e1lica en tonos violeta y lila aporta reflejos luminosos al dise\u00f1o. La estructura low poly crea un elegante contraste entre forma natural y geometr\u00eda moderna.<\/p>\n","protected":false},"featured_media":9040,"comment_status":"closed","ping_status":"closed","template":"","meta":{"_acf_changed":false},"product_brand":[],"product_cat":[327,323],"product_tag":[],"class_list":{"0":"post-9043","1":"product","2":"type-product","3":"status-publish","4":"has-post-thumbnail","6":"product_cat-monedas","7":"product_cat-colecciones","8":"pa_metallo-plata","10":"first","11":"instock","12":"taxable","13":"shipping-taxable","14":"purchasable","15":"product-type-simple"},"acf":[],"_links":{"self":[{"href":"https:\/\/shop.italpreziosi.it\/es\/wp-json\/wp\/v2\/product\/9043","targetHints":{"allow":["GET"]}}],"collection":[{"href":"https:\/\/shop.italpreziosi.it\/es\/wp-json\/wp\/v2\/product"}],"about":[{"href":"https:\/\/shop.italpreziosi.it\/es\/wp-json\/wp\/v2\/types\/product"}],"replies":[{"embeddable":true,"href":"https:\/\/shop.italpreziosi.it\/es\/wp-json\/wp\/v2\/comments?post=9043"}],"wp:featuredmedia":[{"embeddable":true,"href":"https:\/\/shop.italpreziosi.it\/es\/wp-json\/wp\/v2\/media\/9040"}],"wp:attachment":[{"href":"https:\/\/shop.italpreziosi.it\/es\/wp-json\/wp\/v2\/media?parent=9043"}],"wp:term":[{"taxonomy":"product_brand","embeddable":true,"href":"https:\/\/shop.italpreziosi.it\/es\/wp-json\/wp\/v2\/product_brand?post=9043"},{"taxonomy":"product_cat","embeddable":true,"href":"https:\/\/shop.italpreziosi.it\/es\/wp-json\/wp\/v2\/product_cat?post=9043"},{"taxonomy":"product_tag","embeddable":true,"href":"https:\/\/shop.italpreziosi.it\/es\/wp-json\/wp\/v2\/product_tag?post=9043"}],"curies":[{"name":"wp","href":"https:\/\/api.w.org\/{rel}","templated":true}]}}