{"id":9035,"date":"2026-03-23T11:27:32","date_gmt":"2026-03-23T10:27:32","guid":{"rendered":"https:\/\/shop.italpreziosi.it\/?post_type=product&#038;p=9035"},"modified":"2026-03-23T15:24:54","modified_gmt":"2026-03-23T14:24:54","slug":"talisman-luminara","status":"publish","type":"product","link":"https:\/\/shop.italpreziosi.it\/es\/colecciones\/monedas\/talisman-luminara\/","title":{"rendered":"Talism\u00e1n \u2013 Luminara"},"content":{"rendered":"<p>Luminara presenta una moneda \u00fanica: un talism\u00e1n moderno inspirado en antiguas tradiciones. La apertura en el borde permite que el Luminara Talisman no solo se coleccione, sino que tambi\u00e9n se lleve como amuleto personal. Ya sea en una cadena o en un cord\u00f3n de cuero, est\u00e1 pensado para acompa\u00f1arte cada d\u00eda con su poder simb\u00f3lico.<\/p>\n","protected":false},"excerpt":{"rendered":"<p>Luminara presenta una moneda \u00fanica: un talism\u00e1n moderno inspirado en antiguas tradiciones. La apertura en el borde permite que el Luminara Talisman no solo se coleccione, sino que tambi\u00e9n se lleve como amuleto personal. Ya sea en una cadena o en un cord\u00f3n de cuero, est\u00e1 pensado para acompa\u00f1arte cada d\u00eda con su poder simb\u00f3lico.<\/p>\n","protected":false},"featured_media":9032,"comment_status":"closed","ping_status":"closed","template":"","meta":{"_acf_changed":false},"product_brand":[],"product_cat":[327,323],"product_tag":[],"class_list":{"0":"post-9035","1":"product","2":"type-product","3":"status-publish","4":"has-post-thumbnail","6":"product_cat-monedas","7":"product_cat-colecciones","8":"pa_metallo-plata","10":"first","11":"instock","12":"taxable","13":"shipping-taxable","14":"purchasable","15":"product-type-simple"},"acf":[],"_links":{"self":[{"href":"https:\/\/shop.italpreziosi.it\/es\/wp-json\/wp\/v2\/product\/9035","targetHints":{"allow":["GET"]}}],"collection":[{"href":"https:\/\/shop.italpreziosi.it\/es\/wp-json\/wp\/v2\/product"}],"about":[{"href":"https:\/\/shop.italpreziosi.it\/es\/wp-json\/wp\/v2\/types\/product"}],"replies":[{"embeddable":true,"href":"https:\/\/shop.italpreziosi.it\/es\/wp-json\/wp\/v2\/comments?post=9035"}],"wp:featuredmedia":[{"embeddable":true,"href":"https:\/\/shop.italpreziosi.it\/es\/wp-json\/wp\/v2\/media\/9032"}],"wp:attachment":[{"href":"https:\/\/shop.italpreziosi.it\/es\/wp-json\/wp\/v2\/media?parent=9035"}],"wp:term":[{"taxonomy":"product_brand","embeddable":true,"href":"https:\/\/shop.italpreziosi.it\/es\/wp-json\/wp\/v2\/product_brand?post=9035"},{"taxonomy":"product_cat","embeddable":true,"href":"https:\/\/shop.italpreziosi.it\/es\/wp-json\/wp\/v2\/product_cat?post=9035"},{"taxonomy":"product_tag","embeddable":true,"href":"https:\/\/shop.italpreziosi.it\/es\/wp-json\/wp\/v2\/product_tag?post=9035"}],"curies":[{"name":"wp","href":"https:\/\/api.w.org\/{rel}","templated":true}]}}