{"id":9026,"date":"2026-03-23T15:25:19","date_gmt":"2026-03-23T14:25:19","guid":{"rendered":"https:\/\/shop.italpreziosi.it\/?post_type=product&#038;p=9026"},"modified":"2026-03-23T15:25:20","modified_gmt":"2026-03-23T14:25:20","slug":"paris-de-noche","status":"publish","type":"product","link":"https:\/\/shop.italpreziosi.it\/es\/colecciones\/monedas\/paris-de-noche\/","title":{"rendered":"Par\u00eds de noche"},"content":{"rendered":"<p>La rotonda del Arco de Triunfo en Par\u00eds es una de las intersecciones m\u00e1s famosas y singulares del mundo. Doce grandes avenidas, entre ellas los Campos El\u00edseos, convergen en una espectacular estructura en forma de estrella, creando un flujo continuo de tr\u00e1fico. Esta moneda captura la magia de la noche parisina desde una impresionante vista a\u00e9rea.<\/p>\n<p>Las calles iluminadas convergen hacia el Arco de Triunfo como l\u00edneas de luz, mientras que los edificios circundantes est\u00e1n representados con gran detalle. El contraste entre las calles doradas y los edificios oscuros es posible gracias a la tecnolog\u00eda smartminting\u00ae, que combina un acabado black proof con dorado parcial y coloraci\u00f3n.<\/p>\n","protected":false},"excerpt":{"rendered":"<p>La rotonda del Arco de Triunfo en Par\u00eds es una de las intersecciones m\u00e1s famosas y singulares del mundo. Doce grandes avenidas, entre ellas los Campos El\u00edseos, convergen en una espectacular estructura en forma de estrella, creando un flujo continuo de tr\u00e1fico. Esta moneda captura la magia de la noche parisina desde una impresionante vista [&hellip;]<\/p>\n","protected":false},"featured_media":9023,"comment_status":"closed","ping_status":"closed","template":"","meta":{"_acf_changed":false},"product_brand":[],"product_cat":[327,323],"product_tag":[],"class_list":{"0":"post-9026","1":"product","2":"type-product","3":"status-publish","4":"has-post-thumbnail","6":"product_cat-monedas","7":"product_cat-colecciones","8":"pa_metallo-plata","10":"first","11":"instock","12":"taxable","13":"shipping-taxable","14":"purchasable","15":"product-type-simple"},"acf":[],"_links":{"self":[{"href":"https:\/\/shop.italpreziosi.it\/es\/wp-json\/wp\/v2\/product\/9026","targetHints":{"allow":["GET"]}}],"collection":[{"href":"https:\/\/shop.italpreziosi.it\/es\/wp-json\/wp\/v2\/product"}],"about":[{"href":"https:\/\/shop.italpreziosi.it\/es\/wp-json\/wp\/v2\/types\/product"}],"replies":[{"embeddable":true,"href":"https:\/\/shop.italpreziosi.it\/es\/wp-json\/wp\/v2\/comments?post=9026"}],"wp:featuredmedia":[{"embeddable":true,"href":"https:\/\/shop.italpreziosi.it\/es\/wp-json\/wp\/v2\/media\/9023"}],"wp:attachment":[{"href":"https:\/\/shop.italpreziosi.it\/es\/wp-json\/wp\/v2\/media?parent=9026"}],"wp:term":[{"taxonomy":"product_brand","embeddable":true,"href":"https:\/\/shop.italpreziosi.it\/es\/wp-json\/wp\/v2\/product_brand?post=9026"},{"taxonomy":"product_cat","embeddable":true,"href":"https:\/\/shop.italpreziosi.it\/es\/wp-json\/wp\/v2\/product_cat?post=9026"},{"taxonomy":"product_tag","embeddable":true,"href":"https:\/\/shop.italpreziosi.it\/es\/wp-json\/wp\/v2\/product_tag?post=9026"}],"curies":[{"name":"wp","href":"https:\/\/api.w.org\/{rel}","templated":true}]}}