{"id":8835,"date":"2026-03-13T12:00:18","date_gmt":"2026-03-13T11:00:18","guid":{"rendered":"https:\/\/shop.italpreziosi.it\/?post_type=product&#038;p=8835"},"modified":"2026-03-13T12:00:19","modified_gmt":"2026-03-13T11:00:19","slug":"atenea","status":"publish","type":"product","link":"https:\/\/shop.italpreziosi.it\/es\/colecciones\/monedas\/atenea\/","title":{"rendered":"Atenea"},"content":{"rendered":"<p>Atenea une sabidur\u00eda y esp\u00edritu guerrero. S\u00edmbolo atemporal de valent\u00eda, estrategia y equilibrio interior, est\u00e1 representada con gran precisi\u00f3n: cada detalle de su casco y su escudo destaca en un relieve finamente esculpido. Una interpretaci\u00f3n moderna de la mitolog\u00eda griega que da vida a una pieza de colecci\u00f3n con car\u00e1cter \u00fanico.  <\/p>\n","protected":false},"excerpt":{"rendered":"<p>Atenea une sabidur\u00eda y esp\u00edritu guerrero. S\u00edmbolo atemporal de valent\u00eda, estrategia y equilibrio interior, est\u00e1 representada con gran precisi\u00f3n: cada detalle de su casco y su escudo destaca en un relieve finamente esculpido. Una interpretaci\u00f3n moderna de la mitolog\u00eda griega que da vida a una pieza de colecci\u00f3n con car\u00e1cter \u00fanico.<\/p>\n","protected":false},"featured_media":8831,"comment_status":"closed","ping_status":"closed","template":"","meta":{"_acf_changed":false},"product_brand":[],"product_cat":[327,323],"product_tag":[],"class_list":{"0":"post-8835","1":"product","2":"type-product","3":"status-publish","4":"has-post-thumbnail","6":"product_cat-monedas","7":"product_cat-colecciones","8":"pa_metallo-plata","10":"first","11":"instock","12":"taxable","13":"shipping-taxable","14":"purchasable","15":"product-type-simple"},"acf":[],"_links":{"self":[{"href":"https:\/\/shop.italpreziosi.it\/es\/wp-json\/wp\/v2\/product\/8835","targetHints":{"allow":["GET"]}}],"collection":[{"href":"https:\/\/shop.italpreziosi.it\/es\/wp-json\/wp\/v2\/product"}],"about":[{"href":"https:\/\/shop.italpreziosi.it\/es\/wp-json\/wp\/v2\/types\/product"}],"replies":[{"embeddable":true,"href":"https:\/\/shop.italpreziosi.it\/es\/wp-json\/wp\/v2\/comments?post=8835"}],"wp:featuredmedia":[{"embeddable":true,"href":"https:\/\/shop.italpreziosi.it\/es\/wp-json\/wp\/v2\/media\/8831"}],"wp:attachment":[{"href":"https:\/\/shop.italpreziosi.it\/es\/wp-json\/wp\/v2\/media?parent=8835"}],"wp:term":[{"taxonomy":"product_brand","embeddable":true,"href":"https:\/\/shop.italpreziosi.it\/es\/wp-json\/wp\/v2\/product_brand?post=8835"},{"taxonomy":"product_cat","embeddable":true,"href":"https:\/\/shop.italpreziosi.it\/es\/wp-json\/wp\/v2\/product_cat?post=8835"},{"taxonomy":"product_tag","embeddable":true,"href":"https:\/\/shop.italpreziosi.it\/es\/wp-json\/wp\/v2\/product_tag?post=8835"}],"curies":[{"name":"wp","href":"https:\/\/api.w.org\/{rel}","templated":true}]}}