{"id":8825,"date":"2026-03-11T09:57:15","date_gmt":"2026-03-11T08:57:15","guid":{"rendered":"https:\/\/shop.italpreziosi.it\/?post_type=product&#038;p=8825"},"modified":"2026-03-13T12:00:21","modified_gmt":"2026-03-13T11:00:21","slug":"el-guardian-del-bosque","status":"publish","type":"product","link":"https:\/\/shop.italpreziosi.it\/es\/colecciones\/monedas\/el-guardian-del-bosque\/","title":{"rendered":"El guardi\u00e1n del bosque"},"content":{"rendered":"<p>El antiguo poder capturado en la plata toma forma en esta moneda inspirada en el Green Man y el Leshy eslavo. S\u00edmbolo de la energ\u00eda vital de la naturaleza y del ciclo eterno de la vida, representa al Guardi\u00e1n del Bosque con un rostro esculpido entre hojas. <\/p>\n<ul>\n<li>Dos onzas de plata pura<\/li>\n<li>Forma \u00fanica e irregular perceptible al tacto<\/li>\n<li>Alto relieve y acabado antiguo<\/li>\n<\/ul>\n","protected":false},"excerpt":{"rendered":"<p>El antiguo poder capturado en la plata toma forma en esta moneda inspirada en el Green Man y el Leshy eslavo. S\u00edmbolo de la energ\u00eda vital de la naturaleza y del ciclo eterno de la vida, representa al Guardi\u00e1n del Bosque con un rostro esculpido entre hojas. Dos onzas de plata pura Forma \u00fanica e [&hellip;]<\/p>\n","protected":false},"featured_media":8822,"comment_status":"closed","ping_status":"closed","template":"","meta":{"_acf_changed":false},"product_brand":[],"product_cat":[327,323],"product_tag":[],"class_list":{"0":"post-8825","1":"product","2":"type-product","3":"status-publish","4":"has-post-thumbnail","6":"product_cat-monedas","7":"product_cat-colecciones","8":"pa_metallo-plata","10":"first","11":"instock","12":"taxable","13":"shipping-taxable","14":"purchasable","15":"product-type-simple"},"acf":[],"_links":{"self":[{"href":"https:\/\/shop.italpreziosi.it\/es\/wp-json\/wp\/v2\/product\/8825","targetHints":{"allow":["GET"]}}],"collection":[{"href":"https:\/\/shop.italpreziosi.it\/es\/wp-json\/wp\/v2\/product"}],"about":[{"href":"https:\/\/shop.italpreziosi.it\/es\/wp-json\/wp\/v2\/types\/product"}],"replies":[{"embeddable":true,"href":"https:\/\/shop.italpreziosi.it\/es\/wp-json\/wp\/v2\/comments?post=8825"}],"wp:featuredmedia":[{"embeddable":true,"href":"https:\/\/shop.italpreziosi.it\/es\/wp-json\/wp\/v2\/media\/8822"}],"wp:attachment":[{"href":"https:\/\/shop.italpreziosi.it\/es\/wp-json\/wp\/v2\/media?parent=8825"}],"wp:term":[{"taxonomy":"product_brand","embeddable":true,"href":"https:\/\/shop.italpreziosi.it\/es\/wp-json\/wp\/v2\/product_brand?post=8825"},{"taxonomy":"product_cat","embeddable":true,"href":"https:\/\/shop.italpreziosi.it\/es\/wp-json\/wp\/v2\/product_cat?post=8825"},{"taxonomy":"product_tag","embeddable":true,"href":"https:\/\/shop.italpreziosi.it\/es\/wp-json\/wp\/v2\/product_tag?post=8825"}],"curies":[{"name":"wp","href":"https:\/\/api.w.org\/{rel}","templated":true}]}}