{"id":8817,"date":"2026-03-11T10:03:41","date_gmt":"2026-03-11T09:03:41","guid":{"rendered":"https:\/\/shop.italpreziosi.it\/?post_type=product&#038;p=8817"},"modified":"2026-03-13T12:00:17","modified_gmt":"2026-03-13T11:00:17","slug":"arbol-misterioso","status":"publish","type":"product","link":"https:\/\/shop.italpreziosi.it\/es\/colecciones\/monedas\/arbol-misterioso\/","title":{"rendered":"\u00c1rbol misterioso"},"content":{"rendered":"<p>Para quienes aprecian la magia y el misterio de la naturaleza, esta moneda evoca el encanto de los mundos ocultos en el coraz\u00f3n de la naturaleza salvaje. Una pieza \u00fanica que enriquece cualquier colecci\u00f3n con el atractivo de lo desconocido. <\/p>\n","protected":false},"excerpt":{"rendered":"<p>Para quienes aprecian la magia y el misterio de la naturaleza, esta moneda evoca el encanto de los mundos ocultos en el coraz\u00f3n de la naturaleza salvaje. Una pieza \u00fanica que enriquece cualquier colecci\u00f3n con el atractivo de lo desconocido.<\/p>\n","protected":false},"featured_media":8813,"comment_status":"closed","ping_status":"closed","template":"","meta":{"_acf_changed":false},"product_brand":[],"product_cat":[327,323],"product_tag":[],"class_list":{"0":"post-8817","1":"product","2":"type-product","3":"status-publish","4":"has-post-thumbnail","6":"product_cat-monedas","7":"product_cat-colecciones","8":"pa_metallo-plata","10":"first","11":"instock","12":"taxable","13":"shipping-taxable","14":"purchasable","15":"product-type-simple"},"acf":[],"_links":{"self":[{"href":"https:\/\/shop.italpreziosi.it\/es\/wp-json\/wp\/v2\/product\/8817","targetHints":{"allow":["GET"]}}],"collection":[{"href":"https:\/\/shop.italpreziosi.it\/es\/wp-json\/wp\/v2\/product"}],"about":[{"href":"https:\/\/shop.italpreziosi.it\/es\/wp-json\/wp\/v2\/types\/product"}],"replies":[{"embeddable":true,"href":"https:\/\/shop.italpreziosi.it\/es\/wp-json\/wp\/v2\/comments?post=8817"}],"wp:featuredmedia":[{"embeddable":true,"href":"https:\/\/shop.italpreziosi.it\/es\/wp-json\/wp\/v2\/media\/8813"}],"wp:attachment":[{"href":"https:\/\/shop.italpreziosi.it\/es\/wp-json\/wp\/v2\/media?parent=8817"}],"wp:term":[{"taxonomy":"product_brand","embeddable":true,"href":"https:\/\/shop.italpreziosi.it\/es\/wp-json\/wp\/v2\/product_brand?post=8817"},{"taxonomy":"product_cat","embeddable":true,"href":"https:\/\/shop.italpreziosi.it\/es\/wp-json\/wp\/v2\/product_cat?post=8817"},{"taxonomy":"product_tag","embeddable":true,"href":"https:\/\/shop.italpreziosi.it\/es\/wp-json\/wp\/v2\/product_tag?post=8817"}],"curies":[{"name":"wp","href":"https:\/\/api.w.org\/{rel}","templated":true}]}}