{"id":8807,"date":"2026-03-11T10:07:24","date_gmt":"2026-03-11T09:07:24","guid":{"rendered":"https:\/\/shop.italpreziosi.it\/?post_type=product&#038;p=8807"},"modified":"2026-03-13T11:59:00","modified_gmt":"2026-03-13T10:59:00","slug":"teseo","status":"publish","type":"product","link":"https:\/\/shop.italpreziosi.it\/es\/colecciones\/monedas\/teseo\/","title":{"rendered":"Teseo"},"content":{"rendered":"<p>Teseo se ofreci\u00f3 voluntario para ser uno de los catorce j\u00f3venes atenienses enviados a Creta como sacrificio al Minotauro. Con la ayuda de Ariadna derrot\u00f3 al monstruo en el Laberinto y regres\u00f3 a Atenas, donde gobern\u00f3 durante muchos a\u00f1os. Esta moneda de plata celebra la leyenda de uno de los h\u00e9roes m\u00e1s famosos de la mitolog\u00eda griega.  <\/p>\n","protected":false},"excerpt":{"rendered":"<p>Teseo se ofreci\u00f3 voluntario para ser uno de los catorce j\u00f3venes atenienses enviados a Creta como sacrificio al Minotauro. Con la ayuda de Ariadna derrot\u00f3 al monstruo en el Laberinto y regres\u00f3 a Atenas, donde gobern\u00f3 durante muchos a\u00f1os. Esta moneda de plata celebra la leyenda de uno de los h\u00e9roes m\u00e1s famosos de la [&hellip;]<\/p>\n","protected":false},"featured_media":8804,"comment_status":"closed","ping_status":"closed","template":"","meta":{"_acf_changed":false},"product_brand":[],"product_cat":[327,323],"product_tag":[],"class_list":{"0":"post-8807","1":"product","2":"type-product","3":"status-publish","4":"has-post-thumbnail","6":"product_cat-monedas","7":"product_cat-colecciones","8":"pa_metallo-plata","10":"first","11":"instock","12":"taxable","13":"shipping-taxable","14":"purchasable","15":"product-type-simple"},"acf":[],"_links":{"self":[{"href":"https:\/\/shop.italpreziosi.it\/es\/wp-json\/wp\/v2\/product\/8807","targetHints":{"allow":["GET"]}}],"collection":[{"href":"https:\/\/shop.italpreziosi.it\/es\/wp-json\/wp\/v2\/product"}],"about":[{"href":"https:\/\/shop.italpreziosi.it\/es\/wp-json\/wp\/v2\/types\/product"}],"replies":[{"embeddable":true,"href":"https:\/\/shop.italpreziosi.it\/es\/wp-json\/wp\/v2\/comments?post=8807"}],"wp:featuredmedia":[{"embeddable":true,"href":"https:\/\/shop.italpreziosi.it\/es\/wp-json\/wp\/v2\/media\/8804"}],"wp:attachment":[{"href":"https:\/\/shop.italpreziosi.it\/es\/wp-json\/wp\/v2\/media?parent=8807"}],"wp:term":[{"taxonomy":"product_brand","embeddable":true,"href":"https:\/\/shop.italpreziosi.it\/es\/wp-json\/wp\/v2\/product_brand?post=8807"},{"taxonomy":"product_cat","embeddable":true,"href":"https:\/\/shop.italpreziosi.it\/es\/wp-json\/wp\/v2\/product_cat?post=8807"},{"taxonomy":"product_tag","embeddable":true,"href":"https:\/\/shop.italpreziosi.it\/es\/wp-json\/wp\/v2\/product_tag?post=8807"}],"curies":[{"name":"wp","href":"https:\/\/api.w.org\/{rel}","templated":true}]}}