{"id":8656,"date":"2026-02-27T10:18:11","date_gmt":"2026-02-27T09:18:11","guid":{"rendered":"https:\/\/shop.italpreziosi.it\/?post_type=product&#038;p=8656"},"modified":"2026-02-27T10:27:33","modified_gmt":"2026-02-27T09:27:33","slug":"1-oz-krugerrand-plata-2026-copia","status":"publish","type":"product","link":"https:\/\/shop.italpreziosi.it\/es\/inversion\/monedas\/plata\/1-oz-krugerrand-plata-2026\/","title":{"rendered":"1 oz Krugerrand Plata 2026"},"content":{"rendered":"<p>El Krugerrand de plata es un producto de inversi\u00f3n moderno emitido por la Casa de la Moneda de Sud\u00e1frica. Presenta el perfil de Paul Kruger en el anverso y un ant\u00edlope springbok en el reverso.<\/p>\n","protected":false},"excerpt":{"rendered":"<p>El Krugerrand de plata es un producto de inversi\u00f3n moderno emitido por la Casa de la Moneda de Sud\u00e1frica. Presenta el perfil de Paul Kruger en el anverso y un ant\u00edlope springbok en el reverso.<\/p>\n","protected":false},"featured_media":8652,"comment_status":"closed","ping_status":"closed","template":"","meta":{"_acf_changed":false},"product_brand":[],"product_cat":[341,329,330,339],"product_tag":[],"class_list":{"0":"post-8656","1":"product","2":"type-product","3":"status-publish","4":"has-post-thumbnail","6":"product_cat-plata-es-2","7":"product_cat-inversion","8":"product_cat-plata","9":"product_cat-monedas-es","10":"pa_metallo-plata","12":"first","13":"instock","14":"taxable","15":"shipping-taxable","16":"purchasable","17":"product-type-simple"},"acf":[],"_links":{"self":[{"href":"https:\/\/shop.italpreziosi.it\/es\/wp-json\/wp\/v2\/product\/8656","targetHints":{"allow":["GET"]}}],"collection":[{"href":"https:\/\/shop.italpreziosi.it\/es\/wp-json\/wp\/v2\/product"}],"about":[{"href":"https:\/\/shop.italpreziosi.it\/es\/wp-json\/wp\/v2\/types\/product"}],"replies":[{"embeddable":true,"href":"https:\/\/shop.italpreziosi.it\/es\/wp-json\/wp\/v2\/comments?post=8656"}],"wp:featuredmedia":[{"embeddable":true,"href":"https:\/\/shop.italpreziosi.it\/es\/wp-json\/wp\/v2\/media\/8652"}],"wp:attachment":[{"href":"https:\/\/shop.italpreziosi.it\/es\/wp-json\/wp\/v2\/media?parent=8656"}],"wp:term":[{"taxonomy":"product_brand","embeddable":true,"href":"https:\/\/shop.italpreziosi.it\/es\/wp-json\/wp\/v2\/product_brand?post=8656"},{"taxonomy":"product_cat","embeddable":true,"href":"https:\/\/shop.italpreziosi.it\/es\/wp-json\/wp\/v2\/product_cat?post=8656"},{"taxonomy":"product_tag","embeddable":true,"href":"https:\/\/shop.italpreziosi.it\/es\/wp-json\/wp\/v2\/product_tag?post=8656"}],"curies":[{"name":"wp","href":"https:\/\/api.w.org\/{rel}","templated":true}]}}