{"id":8252,"date":"2026-02-13T09:39:32","date_gmt":"2026-02-13T08:39:32","guid":{"rendered":"https:\/\/shop.italpreziosi.it\/?post_type=product&#038;p=8252"},"modified":"2026-02-13T09:39:32","modified_gmt":"2026-02-13T08:39:32","slug":"legends-of-the-seas-santa-maria","status":"publish","type":"product","link":"https:\/\/shop.italpreziosi.it\/es\/colecciones\/monedas\/legends-of-the-seas-santa-maria\/","title":{"rendered":"Legends of the Seas \u2013 Santa Maria"},"content":{"rendered":"<p>La primera edici\u00f3n de la serie \u201cLegends of the Seas\u201d presenta la Santa Maria, el emblem\u00e1tico nav\u00edo utilizado por Col\u00f3n en su viaje hacia Am\u00e9rica. Gracias a la smartminting\u00ae, el barco cobra vida con un ultra alto relieve, velas din\u00e1micas y un mar agitado que parece salir de la moneda. El anverso muestra una vista simb\u00f3lica del viaje de Col\u00f3n: el oc\u00e9ano inmenso, la ruta incierta y el tim\u00f3n en sus manos. Moneda proof en color de 1 oz, limitada a 999 piezas en el mundo.   <\/p>\n","protected":false},"excerpt":{"rendered":"<p>La primera edici\u00f3n de la serie \u201cLegends of the Seas\u201d presenta la Santa Maria, el emblem\u00e1tico nav\u00edo utilizado por Col\u00f3n en su viaje hacia Am\u00e9rica. Gracias a la smartminting\u00ae, el barco cobra vida con un ultra alto relieve, velas din\u00e1micas y un mar agitado que parece salir de la moneda. El anverso muestra una vista [&hellip;]<\/p>\n","protected":false},"featured_media":8249,"comment_status":"closed","ping_status":"closed","template":"","meta":{"_acf_changed":false},"product_brand":[],"product_cat":[327,323],"product_tag":[],"class_list":{"0":"post-8252","1":"product","2":"type-product","3":"status-publish","4":"has-post-thumbnail","6":"product_cat-monedas","7":"product_cat-colecciones","8":"pa_metallo-plata","10":"first","11":"instock","12":"taxable","13":"shipping-taxable","14":"purchasable","15":"product-type-simple"},"acf":[],"_links":{"self":[{"href":"https:\/\/shop.italpreziosi.it\/es\/wp-json\/wp\/v2\/product\/8252","targetHints":{"allow":["GET"]}}],"collection":[{"href":"https:\/\/shop.italpreziosi.it\/es\/wp-json\/wp\/v2\/product"}],"about":[{"href":"https:\/\/shop.italpreziosi.it\/es\/wp-json\/wp\/v2\/types\/product"}],"replies":[{"embeddable":true,"href":"https:\/\/shop.italpreziosi.it\/es\/wp-json\/wp\/v2\/comments?post=8252"}],"wp:featuredmedia":[{"embeddable":true,"href":"https:\/\/shop.italpreziosi.it\/es\/wp-json\/wp\/v2\/media\/8249"}],"wp:attachment":[{"href":"https:\/\/shop.italpreziosi.it\/es\/wp-json\/wp\/v2\/media?parent=8252"}],"wp:term":[{"taxonomy":"product_brand","embeddable":true,"href":"https:\/\/shop.italpreziosi.it\/es\/wp-json\/wp\/v2\/product_brand?post=8252"},{"taxonomy":"product_cat","embeddable":true,"href":"https:\/\/shop.italpreziosi.it\/es\/wp-json\/wp\/v2\/product_cat?post=8252"},{"taxonomy":"product_tag","embeddable":true,"href":"https:\/\/shop.italpreziosi.it\/es\/wp-json\/wp\/v2\/product_tag?post=8252"}],"curies":[{"name":"wp","href":"https:\/\/api.w.org\/{rel}","templated":true}]}}