{"id":8236,"date":"2026-02-13T09:38:39","date_gmt":"2026-02-13T08:38:39","guid":{"rendered":"https:\/\/shop.italpreziosi.it\/?post_type=product&#038;p=8236"},"modified":"2026-02-19T12:08:16","modified_gmt":"2026-02-19T11:08:16","slug":"siete-pecados-capitales-gula-panda","status":"publish","type":"product","link":"https:\/\/shop.italpreziosi.it\/es\/colecciones\/monedas\/siete-pecados-capitales-gula-panda\/","title":{"rendered":"Siete Pecados Capitales \u2013 Gula (Panda)"},"content":{"rendered":"<p>La edici\u00f3n \u201cGula\u201d de la serie Siete Pecados Capitales representa al panda como s\u00edmbolo del exceso, reflejando con humor el pecado de \u201cnunca es suficiente\u201d. Capaz de comer hasta 40 kg de bamb\u00fa al d\u00eda, el panda encarna la gula bajo una apariencia inocente. Esta moneda de plata proof en color ofrece una reinterpretaci\u00f3n moderna e ir\u00f3nica del concepto tradicional. Tirada limitada a 999 piezas.<\/p>\n","protected":false},"excerpt":{"rendered":"<p>La edici\u00f3n \u201cGula\u201d de la serie Siete Pecados Capitales representa al panda como s\u00edmbolo del exceso, reflejando con humor el pecado de \u201cnunca es suficiente\u201d. Capaz de comer hasta 40 kg de bamb\u00fa al d\u00eda, el panda encarna la gula bajo una apariencia inocente. Esta moneda de plata proof en color ofrece una reinterpretaci\u00f3n moderna [&hellip;]<\/p>\n","protected":false},"featured_media":8233,"comment_status":"closed","ping_status":"closed","template":"","meta":{"_acf_changed":false},"product_brand":[],"product_cat":[327,323],"product_tag":[],"class_list":{"0":"post-8236","1":"product","2":"type-product","3":"status-publish","4":"has-post-thumbnail","6":"product_cat-monedas","7":"product_cat-colecciones","8":"pa_metallo-plata","10":"first","11":"instock","12":"taxable","13":"shipping-taxable","14":"purchasable","15":"product-type-simple"},"acf":[],"_links":{"self":[{"href":"https:\/\/shop.italpreziosi.it\/es\/wp-json\/wp\/v2\/product\/8236","targetHints":{"allow":["GET"]}}],"collection":[{"href":"https:\/\/shop.italpreziosi.it\/es\/wp-json\/wp\/v2\/product"}],"about":[{"href":"https:\/\/shop.italpreziosi.it\/es\/wp-json\/wp\/v2\/types\/product"}],"replies":[{"embeddable":true,"href":"https:\/\/shop.italpreziosi.it\/es\/wp-json\/wp\/v2\/comments?post=8236"}],"wp:featuredmedia":[{"embeddable":true,"href":"https:\/\/shop.italpreziosi.it\/es\/wp-json\/wp\/v2\/media\/8233"}],"wp:attachment":[{"href":"https:\/\/shop.italpreziosi.it\/es\/wp-json\/wp\/v2\/media?parent=8236"}],"wp:term":[{"taxonomy":"product_brand","embeddable":true,"href":"https:\/\/shop.italpreziosi.it\/es\/wp-json\/wp\/v2\/product_brand?post=8236"},{"taxonomy":"product_cat","embeddable":true,"href":"https:\/\/shop.italpreziosi.it\/es\/wp-json\/wp\/v2\/product_cat?post=8236"},{"taxonomy":"product_tag","embeddable":true,"href":"https:\/\/shop.italpreziosi.it\/es\/wp-json\/wp\/v2\/product_tag?post=8236"}],"curies":[{"name":"wp","href":"https:\/\/api.w.org\/{rel}","templated":true}]}}