{"id":8228,"date":"2026-02-13T09:41:19","date_gmt":"2026-02-13T08:41:19","guid":{"rendered":"https:\/\/shop.italpreziosi.it\/?post_type=product&#038;p=8228"},"modified":"2026-02-13T09:41:20","modified_gmt":"2026-02-13T08:41:20","slug":"hidden-treasure-grande-europe","status":"publish","type":"product","link":"https:\/\/shop.italpreziosi.it\/es\/colecciones\/monedas\/hidden-treasure-grande-europe\/","title":{"rendered":"Hidden Treasure \u2013 Grande Europe"},"content":{"rendered":"<p>\u201cHidden Treasure \u2013 Grande Europe\u201d es un viaje art\u00edstico por el continente, reuniendo m\u00e1s de 20 monumentos europeos en una escena tipo \u201chidden-object\u201d. El acabado antig\u00fcedad, los elementos proof y el dorado parcial crean un efecto 3D din\u00e1mico, mientras que varios detalles arquitect\u00f3nicos sobresalen del borde, una proeza t\u00e9cnica. Un peque\u00f1o gato oculto, la mascota de la serie, invita a explorar cada detalle. Gracias a la smartminting\u00ae, la moneda combina arte, historia y un esp\u00edritu l\u00fadico de descubrimiento. Tirada limitada a 500 piezas.    <\/p>\n","protected":false},"excerpt":{"rendered":"<p>\u201cHidden Treasure \u2013 Grande Europe\u201d es un viaje art\u00edstico por el continente, reuniendo m\u00e1s de 20 monumentos europeos en una escena tipo \u201chidden-object\u201d. El acabado antig\u00fcedad, los elementos proof y el dorado parcial crean un efecto 3D din\u00e1mico, mientras que varios detalles arquitect\u00f3nicos sobresalen del borde, una proeza t\u00e9cnica. Un peque\u00f1o gato oculto, la mascota [&hellip;]<\/p>\n","protected":false},"featured_media":8226,"comment_status":"closed","ping_status":"closed","template":"","meta":{"_acf_changed":false},"product_brand":[],"product_cat":[327,323],"product_tag":[],"class_list":{"0":"post-8228","1":"product","2":"type-product","3":"status-publish","4":"has-post-thumbnail","6":"product_cat-monedas","7":"product_cat-colecciones","9":"first","10":"instock","11":"taxable","12":"shipping-taxable","13":"purchasable","14":"product-type-simple"},"acf":[],"_links":{"self":[{"href":"https:\/\/shop.italpreziosi.it\/es\/wp-json\/wp\/v2\/product\/8228","targetHints":{"allow":["GET"]}}],"collection":[{"href":"https:\/\/shop.italpreziosi.it\/es\/wp-json\/wp\/v2\/product"}],"about":[{"href":"https:\/\/shop.italpreziosi.it\/es\/wp-json\/wp\/v2\/types\/product"}],"replies":[{"embeddable":true,"href":"https:\/\/shop.italpreziosi.it\/es\/wp-json\/wp\/v2\/comments?post=8228"}],"wp:featuredmedia":[{"embeddable":true,"href":"https:\/\/shop.italpreziosi.it\/es\/wp-json\/wp\/v2\/media\/8226"}],"wp:attachment":[{"href":"https:\/\/shop.italpreziosi.it\/es\/wp-json\/wp\/v2\/media?parent=8228"}],"wp:term":[{"taxonomy":"product_brand","embeddable":true,"href":"https:\/\/shop.italpreziosi.it\/es\/wp-json\/wp\/v2\/product_brand?post=8228"},{"taxonomy":"product_cat","embeddable":true,"href":"https:\/\/shop.italpreziosi.it\/es\/wp-json\/wp\/v2\/product_cat?post=8228"},{"taxonomy":"product_tag","embeddable":true,"href":"https:\/\/shop.italpreziosi.it\/es\/wp-json\/wp\/v2\/product_tag?post=8228"}],"curies":[{"name":"wp","href":"https:\/\/api.w.org\/{rel}","templated":true}]}}