{"id":6991,"date":"2025-12-09T10:35:32","date_gmt":"2025-12-09T09:35:32","guid":{"rendered":"https:\/\/shop.italpreziosi.it\/?post_type=product&#038;p=6991"},"modified":"2025-12-22T16:44:53","modified_gmt":"2025-12-22T15:44:53","slug":"media-soberana-2026-de-oro-bullion","status":"publish","type":"product","link":"https:\/\/shop.italpreziosi.it\/es\/inversion\/monedas\/oro\/media-soberana-2026-de-oro-bullion\/","title":{"rendered":"Media Soberana 2026 de Oro (Bullion)"},"content":{"rendered":"<p>El Media Soberano 2026 marca el regreso del oro amarillo tradicional, sustituyendo el tono rosado de ediciones recientes. Acu\u00f1ada en oro de 22 quilates, conmemora los 500 a\u00f1os de las reformas monetarias de Enrique VIII que introdujeron esta aleaci\u00f3n como est\u00e1ndar del Soberano. El reverso muestra la ic\u00f3nica escena de San Jorge y el drag\u00f3n de Benedetto Pistrucci, ahora con microtexto de seguridad. El anverso incluye un nuevo patr\u00f3n de seguridad y una imagen latente bajo el retrato de Su Majestad el Rey Carlos III, que alterna entre la Corona Tudor, su cifra real y la Rosa Tudor.<\/p>\n","protected":false},"excerpt":{"rendered":"<p>El Media Soberano 2026 marca el regreso del oro amarillo tradicional, sustituyendo el tono rosado de ediciones recientes. Acu\u00f1ada en oro de 22 quilates, conmemora los 500 a\u00f1os de las reformas monetarias de Enrique VIII que introdujeron esta aleaci\u00f3n como est\u00e1ndar del Soberano. El reverso muestra la ic\u00f3nica escena de San Jorge y el drag\u00f3n [&hellip;]<\/p>\n","protected":false},"featured_media":6985,"comment_status":"closed","ping_status":"closed","template":"","meta":{"_acf_changed":false},"product_brand":[],"product_cat":[343,329,345,339],"product_tag":[],"class_list":{"0":"post-6991","1":"product","2":"type-product","3":"status-publish","4":"has-post-thumbnail","6":"product_cat-oro-es-2","7":"product_cat-inversion","8":"product_cat-oro-es-3","9":"product_cat-monedas-es","10":"pa_metallo-oro-es","12":"first","13":"outofstock","14":"purchasable","15":"product-type-simple"},"acf":[],"_links":{"self":[{"href":"https:\/\/shop.italpreziosi.it\/es\/wp-json\/wp\/v2\/product\/6991","targetHints":{"allow":["GET"]}}],"collection":[{"href":"https:\/\/shop.italpreziosi.it\/es\/wp-json\/wp\/v2\/product"}],"about":[{"href":"https:\/\/shop.italpreziosi.it\/es\/wp-json\/wp\/v2\/types\/product"}],"replies":[{"embeddable":true,"href":"https:\/\/shop.italpreziosi.it\/es\/wp-json\/wp\/v2\/comments?post=6991"}],"wp:featuredmedia":[{"embeddable":true,"href":"https:\/\/shop.italpreziosi.it\/es\/wp-json\/wp\/v2\/media\/6985"}],"wp:attachment":[{"href":"https:\/\/shop.italpreziosi.it\/es\/wp-json\/wp\/v2\/media?parent=6991"}],"wp:term":[{"taxonomy":"product_brand","embeddable":true,"href":"https:\/\/shop.italpreziosi.it\/es\/wp-json\/wp\/v2\/product_brand?post=6991"},{"taxonomy":"product_cat","embeddable":true,"href":"https:\/\/shop.italpreziosi.it\/es\/wp-json\/wp\/v2\/product_cat?post=6991"},{"taxonomy":"product_tag","embeddable":true,"href":"https:\/\/shop.italpreziosi.it\/es\/wp-json\/wp\/v2\/product_tag?post=6991"}],"curies":[{"name":"wp","href":"https:\/\/api.w.org\/{rel}","templated":true}]}}