{"id":6977,"date":"2025-12-09T10:40:03","date_gmt":"2025-12-09T09:40:03","guid":{"rendered":"https:\/\/shop.italpreziosi.it\/?post_type=product&#038;p=6977"},"modified":"2026-02-25T22:10:08","modified_gmt":"2026-02-25T21:10:08","slug":"panda-de-oro-1-g-2026","status":"publish","type":"product","link":"https:\/\/shop.italpreziosi.it\/es\/inversion\/monedas\/oro\/panda-de-oro-1-g-2026\/","title":{"rendered":"Panda de Oro 1 g 2026"},"content":{"rendered":"<p>El Panda de Oro 2026 de 1 g presenta el querido dise\u00f1o anual de dos pandas j\u00f3venes sentados juntos entre hojas de bamb\u00fa, elaborado con texturas finas y detalles pulidos que realzan el encanto natural de la escena. El reverso muestra el peso \u201c1 g\u201d, la pureza \u201cAu .999\u201d y el valor facial de 10 yuanes. El anverso representa el Templo del Cielo en Pek\u00edn con l\u00edneas arquitect\u00f3nicas limpias, enmarcado por la inscripci\u00f3n \u201cRep\u00fablica Popular China\u201d y el a\u00f1o 2026. Acu\u00f1ado en oro puro 999, el Panda de 1 g es especialmente popular entre coleccionistas por su accesibilidad, portabilidad y atractivo art\u00edstico.<\/p>\n","protected":false},"excerpt":{"rendered":"<p>El Panda de Oro 2026 de 1 g presenta el querido dise\u00f1o anual de dos pandas j\u00f3venes sentados juntos entre hojas de bamb\u00fa, elaborado con texturas finas y detalles pulidos que realzan el encanto natural de la escena. El reverso muestra el peso \u201c1 g\u201d, la pureza \u201cAu .999\u201d y el valor facial de 10 [&hellip;]<\/p>\n","protected":false},"featured_media":6975,"comment_status":"closed","ping_status":"closed","template":"","meta":{"_acf_changed":false},"product_brand":[],"product_cat":[343,329,345,339],"product_tag":[],"class_list":{"0":"post-6977","1":"product","2":"type-product","3":"status-publish","4":"has-post-thumbnail","6":"product_cat-oro-es-2","7":"product_cat-inversion","8":"product_cat-oro-es-3","9":"product_cat-monedas-es","10":"pa_metallo-oro-es","12":"first","13":"outofstock","14":"purchasable","15":"product-type-simple"},"acf":[],"_links":{"self":[{"href":"https:\/\/shop.italpreziosi.it\/es\/wp-json\/wp\/v2\/product\/6977","targetHints":{"allow":["GET"]}}],"collection":[{"href":"https:\/\/shop.italpreziosi.it\/es\/wp-json\/wp\/v2\/product"}],"about":[{"href":"https:\/\/shop.italpreziosi.it\/es\/wp-json\/wp\/v2\/types\/product"}],"replies":[{"embeddable":true,"href":"https:\/\/shop.italpreziosi.it\/es\/wp-json\/wp\/v2\/comments?post=6977"}],"wp:featuredmedia":[{"embeddable":true,"href":"https:\/\/shop.italpreziosi.it\/es\/wp-json\/wp\/v2\/media\/6975"}],"wp:attachment":[{"href":"https:\/\/shop.italpreziosi.it\/es\/wp-json\/wp\/v2\/media?parent=6977"}],"wp:term":[{"taxonomy":"product_brand","embeddable":true,"href":"https:\/\/shop.italpreziosi.it\/es\/wp-json\/wp\/v2\/product_brand?post=6977"},{"taxonomy":"product_cat","embeddable":true,"href":"https:\/\/shop.italpreziosi.it\/es\/wp-json\/wp\/v2\/product_cat?post=6977"},{"taxonomy":"product_tag","embeddable":true,"href":"https:\/\/shop.italpreziosi.it\/es\/wp-json\/wp\/v2\/product_tag?post=6977"}],"curies":[{"name":"wp","href":"https:\/\/api.w.org\/{rel}","templated":true}]}}