{"id":6965,"date":"2025-12-09T10:57:06","date_gmt":"2025-12-09T09:57:06","guid":{"rendered":"https:\/\/shop.italpreziosi.it\/?post_type=product&#038;p=6965"},"modified":"2025-12-22T15:43:28","modified_gmt":"2025-12-22T14:43:28","slug":"panda-de-oro-8-g-2026","status":"publish","type":"product","link":"https:\/\/shop.italpreziosi.it\/es\/inversion\/monedas\/oro\/panda-de-oro-8-g-2026\/","title":{"rendered":"Panda de Oro 8 g 2026"},"content":{"rendered":"<p>El Panda de Oro 2026 de 8 g presenta una escena bellamente detallada de dos pandas j\u00f3venes sentados entre hojas de bamb\u00fa, representados con texturas suaves y contrastes pulidos que realzan sus expresiones y su postura juguetona. El reverso incluye el peso \u201c8 g\u201d, la pureza \u201cAu .999\u201d y el valor facial de 100 yuanes. El anverso muestra el Templo del Cielo en Pek\u00edn, grabado con precisi\u00f3n arquitect\u00f3nica y rodeado por la inscripci\u00f3n \u201cRep\u00fablica Popular China\u201d y el a\u00f1o 2026. Acu\u00f1ado en oro puro 999, la serie Panda es apreciada en todo el mundo por sus dise\u00f1os anuales cambiantes y su equilibrio entre valor est\u00e9tico y de inversi\u00f3n.<\/p>\n","protected":false},"excerpt":{"rendered":"<p>El Panda de Oro 2026 de 8 g presenta una escena bellamente detallada de dos pandas j\u00f3venes sentados entre hojas de bamb\u00fa, representados con texturas suaves y contrastes pulidos que realzan sus expresiones y su postura juguetona. El reverso incluye el peso \u201c8 g\u201d, la pureza \u201cAu .999\u201d y el valor facial de 100 yuanes. [&hellip;]<\/p>\n","protected":false},"featured_media":6963,"comment_status":"closed","ping_status":"closed","template":"","meta":{"_acf_changed":false},"product_brand":[],"product_cat":[343,329,345,339],"product_tag":[],"class_list":{"0":"post-6965","1":"product","2":"type-product","3":"status-publish","4":"has-post-thumbnail","6":"product_cat-oro-es-2","7":"product_cat-inversion","8":"product_cat-oro-es-3","9":"product_cat-monedas-es","10":"pa_metallo-oro-es","12":"first","13":"instock","14":"purchasable","15":"product-type-simple"},"acf":[],"_links":{"self":[{"href":"https:\/\/shop.italpreziosi.it\/es\/wp-json\/wp\/v2\/product\/6965","targetHints":{"allow":["GET"]}}],"collection":[{"href":"https:\/\/shop.italpreziosi.it\/es\/wp-json\/wp\/v2\/product"}],"about":[{"href":"https:\/\/shop.italpreziosi.it\/es\/wp-json\/wp\/v2\/types\/product"}],"replies":[{"embeddable":true,"href":"https:\/\/shop.italpreziosi.it\/es\/wp-json\/wp\/v2\/comments?post=6965"}],"wp:featuredmedia":[{"embeddable":true,"href":"https:\/\/shop.italpreziosi.it\/es\/wp-json\/wp\/v2\/media\/6963"}],"wp:attachment":[{"href":"https:\/\/shop.italpreziosi.it\/es\/wp-json\/wp\/v2\/media?parent=6965"}],"wp:term":[{"taxonomy":"product_brand","embeddable":true,"href":"https:\/\/shop.italpreziosi.it\/es\/wp-json\/wp\/v2\/product_brand?post=6965"},{"taxonomy":"product_cat","embeddable":true,"href":"https:\/\/shop.italpreziosi.it\/es\/wp-json\/wp\/v2\/product_cat?post=6965"},{"taxonomy":"product_tag","embeddable":true,"href":"https:\/\/shop.italpreziosi.it\/es\/wp-json\/wp\/v2\/product_tag?post=6965"}],"curies":[{"name":"wp","href":"https:\/\/api.w.org\/{rel}","templated":true}]}}