{"id":6953,"date":"2025-12-09T10:33:27","date_gmt":"2025-12-09T09:33:27","guid":{"rendered":"https:\/\/shop.italpreziosi.it\/?post_type=product&#038;p=6953"},"modified":"2025-12-22T17:45:37","modified_gmt":"2025-12-22T16:45:37","slug":"panda-de-plata-30-g-2026","status":"publish","type":"product","link":"https:\/\/shop.italpreziosi.it\/es\/inversion\/monedas\/plata\/panda-de-plata-30-g-2026\/","title":{"rendered":"Panda de Plata 30 g 2026"},"content":{"rendered":"<p>El Panda de Plata 2026 de 30 g presenta una escena tierna de dos pandas j\u00f3venes sentados en un bosque de bamb\u00fa, con superficies mate delicadas y zonas pulidas que resaltan los detalles expresivos de su pelaje y rostros. El reverso muestra el peso \u201c30 g\u201d, la pureza \u201cAg .999\u201d y el valor facial de 10 yuanes. El anverso presenta el Templo del Cielo en Pek\u00edn, grabado con precisi\u00f3n arquitect\u00f3nica y enmarcado por la inscripci\u00f3n \u201cRep\u00fablica Popular China\u201d y el a\u00f1o 2026. Acu\u00f1ado en 30 g de plata pura 999, su dise\u00f1o anual convierte al Panda de Plata en una de las monedas bullion m\u00e1s coleccionadas y reconocibles del mundo.<\/p>\n","protected":false},"excerpt":{"rendered":"<p>El Panda de Plata 2026 de 30 g presenta una escena tierna de dos pandas j\u00f3venes sentados en un bosque de bamb\u00fa, con superficies mate delicadas y zonas pulidas que resaltan los detalles expresivos de su pelaje y rostros. El reverso muestra el peso \u201c30 g\u201d, la pureza \u201cAg .999\u201d y el valor facial de [&hellip;]<\/p>\n","protected":false},"featured_media":6951,"comment_status":"closed","ping_status":"closed","template":"","meta":{"_acf_changed":false},"product_brand":[],"product_cat":[341,329,330,339],"product_tag":[],"class_list":{"0":"post-6953","1":"product","2":"type-product","3":"status-publish","4":"has-post-thumbnail","6":"product_cat-plata-es-2","7":"product_cat-inversion","8":"product_cat-plata","9":"product_cat-monedas-es","10":"pa_metallo-plata","12":"first","13":"outofstock","14":"taxable","15":"shipping-taxable","16":"purchasable","17":"product-type-simple"},"acf":[],"_links":{"self":[{"href":"https:\/\/shop.italpreziosi.it\/es\/wp-json\/wp\/v2\/product\/6953","targetHints":{"allow":["GET"]}}],"collection":[{"href":"https:\/\/shop.italpreziosi.it\/es\/wp-json\/wp\/v2\/product"}],"about":[{"href":"https:\/\/shop.italpreziosi.it\/es\/wp-json\/wp\/v2\/types\/product"}],"replies":[{"embeddable":true,"href":"https:\/\/shop.italpreziosi.it\/es\/wp-json\/wp\/v2\/comments?post=6953"}],"wp:featuredmedia":[{"embeddable":true,"href":"https:\/\/shop.italpreziosi.it\/es\/wp-json\/wp\/v2\/media\/6951"}],"wp:attachment":[{"href":"https:\/\/shop.italpreziosi.it\/es\/wp-json\/wp\/v2\/media?parent=6953"}],"wp:term":[{"taxonomy":"product_brand","embeddable":true,"href":"https:\/\/shop.italpreziosi.it\/es\/wp-json\/wp\/v2\/product_brand?post=6953"},{"taxonomy":"product_cat","embeddable":true,"href":"https:\/\/shop.italpreziosi.it\/es\/wp-json\/wp\/v2\/product_cat?post=6953"},{"taxonomy":"product_tag","embeddable":true,"href":"https:\/\/shop.italpreziosi.it\/es\/wp-json\/wp\/v2\/product_tag?post=6953"}],"curies":[{"name":"wp","href":"https:\/\/api.w.org\/{rel}","templated":true}]}}