{"id":6947,"date":"2025-12-09T10:40:02","date_gmt":"2025-12-09T09:40:02","guid":{"rendered":"https:\/\/shop.italpreziosi.it\/?post_type=product&#038;p=6947"},"modified":"2025-12-22T15:51:20","modified_gmt":"2025-12-22T14:51:20","slug":"panda-de-oro-30-g-2026","status":"publish","type":"product","link":"https:\/\/shop.italpreziosi.it\/es\/inversion\/monedas\/oro\/panda-de-oro-30-g-2026\/","title":{"rendered":"Panda de Oro 30 g 2026"},"content":{"rendered":"<p>El Panda de Oro 2026 de 30 g presenta una encantadora escena de dos pandas j\u00f3venes sentados en un bosque de bamb\u00fa, con detalles suaves y contrastes que resaltan su expresi\u00f3n natural. El reverso incluye el peso, la pureza y el valor facial de 500 yuanes. El anverso muestra el Templo del Cielo en Pek\u00edn con gran precisi\u00f3n arquitect\u00f3nica, rodeado por la inscripci\u00f3n \u201cRep\u00fablica Popular China\u201d y el a\u00f1o 2026. Acu\u00f1ado en 30 g de oro puro 999, la serie Panda es apreciada mundialmente por su dise\u00f1o anual cambiante y su combinaci\u00f3n \u00fanica de arte y valor de inversi\u00f3n.<\/p>\n","protected":false},"excerpt":{"rendered":"<p>El Panda de Oro 2026 de 30 g presenta una encantadora escena de dos pandas j\u00f3venes sentados en un bosque de bamb\u00fa, con detalles suaves y contrastes que resaltan su expresi\u00f3n natural. El reverso incluye el peso, la pureza y el valor facial de 500 yuanes. El anverso muestra el Templo del Cielo en Pek\u00edn [&hellip;]<\/p>\n","protected":false},"featured_media":6945,"comment_status":"closed","ping_status":"closed","template":"","meta":{"_acf_changed":false},"product_brand":[],"product_cat":[343,329,345,339],"product_tag":[],"class_list":{"0":"post-6947","1":"product","2":"type-product","3":"status-publish","4":"has-post-thumbnail","6":"product_cat-oro-es-2","7":"product_cat-inversion","8":"product_cat-oro-es-3","9":"product_cat-monedas-es","10":"pa_metallo-oro-es","12":"first","13":"outofstock","14":"purchasable","15":"product-type-simple"},"acf":[],"_links":{"self":[{"href":"https:\/\/shop.italpreziosi.it\/es\/wp-json\/wp\/v2\/product\/6947","targetHints":{"allow":["GET"]}}],"collection":[{"href":"https:\/\/shop.italpreziosi.it\/es\/wp-json\/wp\/v2\/product"}],"about":[{"href":"https:\/\/shop.italpreziosi.it\/es\/wp-json\/wp\/v2\/types\/product"}],"replies":[{"embeddable":true,"href":"https:\/\/shop.italpreziosi.it\/es\/wp-json\/wp\/v2\/comments?post=6947"}],"wp:featuredmedia":[{"embeddable":true,"href":"https:\/\/shop.italpreziosi.it\/es\/wp-json\/wp\/v2\/media\/6945"}],"wp:attachment":[{"href":"https:\/\/shop.italpreziosi.it\/es\/wp-json\/wp\/v2\/media?parent=6947"}],"wp:term":[{"taxonomy":"product_brand","embeddable":true,"href":"https:\/\/shop.italpreziosi.it\/es\/wp-json\/wp\/v2\/product_brand?post=6947"},{"taxonomy":"product_cat","embeddable":true,"href":"https:\/\/shop.italpreziosi.it\/es\/wp-json\/wp\/v2\/product_cat?post=6947"},{"taxonomy":"product_tag","embeddable":true,"href":"https:\/\/shop.italpreziosi.it\/es\/wp-json\/wp\/v2\/product_tag?post=6947"}],"curies":[{"name":"wp","href":"https:\/\/api.w.org\/{rel}","templated":true}]}}