{"id":6321,"date":"2025-11-14T16:50:21","date_gmt":"2025-11-14T15:50:21","guid":{"rendered":"https:\/\/shop.italpreziosi.it\/?post_type=product&#038;p=6321"},"modified":"2026-02-11T10:01:36","modified_gmt":"2026-02-11T09:01:36","slug":"portal-del-tiempo","status":"publish","type":"product","link":"https:\/\/shop.italpreziosi.it\/es\/colecciones\/monedas\/portal-del-tiempo\/","title":{"rendered":"Portal del Tiempo"},"content":{"rendered":"<p>Esta moneda rinde homenaje a la eterna fascinaci\u00f3n por los viajes en el tiempo. Representa un misterioso portal redescubierto en el desierto y, con un dise\u00f1o futurista y tecnolog\u00eda smartminting\u00ae, evoca la emoci\u00f3n de cruzar \u00e9pocas.<\/p>\n","protected":false},"excerpt":{"rendered":"<p>Esta moneda rinde homenaje a la eterna fascinaci\u00f3n por los viajes en el tiempo. Representa un misterioso portal redescubierto en el desierto y, con un dise\u00f1o futurista y tecnolog\u00eda smartminting\u00ae, evoca la emoci\u00f3n de cruzar \u00e9pocas.<\/p>\n","protected":false},"featured_media":6318,"comment_status":"closed","ping_status":"closed","template":"","meta":{"_acf_changed":false},"product_brand":[],"product_cat":[327,323],"product_tag":[],"class_list":{"0":"post-6321","1":"product","2":"type-product","3":"status-publish","4":"has-post-thumbnail","6":"product_cat-monedas","7":"product_cat-colecciones","8":"pa_metallo-plata","10":"first","11":"outofstock","12":"taxable","13":"shipping-taxable","14":"purchasable","15":"product-type-simple"},"acf":[],"_links":{"self":[{"href":"https:\/\/shop.italpreziosi.it\/es\/wp-json\/wp\/v2\/product\/6321","targetHints":{"allow":["GET"]}}],"collection":[{"href":"https:\/\/shop.italpreziosi.it\/es\/wp-json\/wp\/v2\/product"}],"about":[{"href":"https:\/\/shop.italpreziosi.it\/es\/wp-json\/wp\/v2\/types\/product"}],"replies":[{"embeddable":true,"href":"https:\/\/shop.italpreziosi.it\/es\/wp-json\/wp\/v2\/comments?post=6321"}],"wp:featuredmedia":[{"embeddable":true,"href":"https:\/\/shop.italpreziosi.it\/es\/wp-json\/wp\/v2\/media\/6318"}],"wp:attachment":[{"href":"https:\/\/shop.italpreziosi.it\/es\/wp-json\/wp\/v2\/media?parent=6321"}],"wp:term":[{"taxonomy":"product_brand","embeddable":true,"href":"https:\/\/shop.italpreziosi.it\/es\/wp-json\/wp\/v2\/product_brand?post=6321"},{"taxonomy":"product_cat","embeddable":true,"href":"https:\/\/shop.italpreziosi.it\/es\/wp-json\/wp\/v2\/product_cat?post=6321"},{"taxonomy":"product_tag","embeddable":true,"href":"https:\/\/shop.italpreziosi.it\/es\/wp-json\/wp\/v2\/product_tag?post=6321"}],"curies":[{"name":"wp","href":"https:\/\/api.w.org\/{rel}","templated":true}]}}