{"id":6291,"date":"2025-11-14T16:50:25","date_gmt":"2025-11-14T15:50:25","guid":{"rendered":"https:\/\/shop.italpreziosi.it\/?post_type=product&#038;p=6291"},"modified":"2026-02-25T22:10:09","modified_gmt":"2026-02-25T21:10:09","slug":"ciudad-perdida-pompeya","status":"publish","type":"product","link":"https:\/\/shop.italpreziosi.it\/es\/colecciones\/monedas\/ciudad-perdida-pompeya\/","title":{"rendered":"Ciudad Perdida \u2013 Pompeya"},"content":{"rendered":"<p>Esta moneda representa de forma dram\u00e1tica el momento en que el Vesubio enterr\u00f3 Pompeya. El volc\u00e1n se alza con casi 10 mm de relieve, mostrando los flujos de lava avanzando hacia la ciudad mientras los gladiadores luchan sin saberlo.<\/p>\n","protected":false},"excerpt":{"rendered":"<p>Esta moneda representa de forma dram\u00e1tica el momento en que el Vesubio enterr\u00f3 Pompeya. El volc\u00e1n se alza con casi 10 mm de relieve, mostrando los flujos de lava avanzando hacia la ciudad mientras los gladiadores luchan sin saberlo.<\/p>\n","protected":false},"featured_media":6288,"comment_status":"closed","ping_status":"closed","template":"","meta":{"_acf_changed":false},"product_brand":[],"product_cat":[327,323],"product_tag":[],"class_list":{"0":"post-6291","1":"product","2":"type-product","3":"status-publish","4":"has-post-thumbnail","6":"product_cat-monedas","7":"product_cat-colecciones","8":"pa_metallo-plata","10":"first","11":"instock","12":"taxable","13":"shipping-taxable","14":"purchasable","15":"product-type-simple"},"acf":[],"_links":{"self":[{"href":"https:\/\/shop.italpreziosi.it\/es\/wp-json\/wp\/v2\/product\/6291","targetHints":{"allow":["GET"]}}],"collection":[{"href":"https:\/\/shop.italpreziosi.it\/es\/wp-json\/wp\/v2\/product"}],"about":[{"href":"https:\/\/shop.italpreziosi.it\/es\/wp-json\/wp\/v2\/types\/product"}],"replies":[{"embeddable":true,"href":"https:\/\/shop.italpreziosi.it\/es\/wp-json\/wp\/v2\/comments?post=6291"}],"wp:featuredmedia":[{"embeddable":true,"href":"https:\/\/shop.italpreziosi.it\/es\/wp-json\/wp\/v2\/media\/6288"}],"wp:attachment":[{"href":"https:\/\/shop.italpreziosi.it\/es\/wp-json\/wp\/v2\/media?parent=6291"}],"wp:term":[{"taxonomy":"product_brand","embeddable":true,"href":"https:\/\/shop.italpreziosi.it\/es\/wp-json\/wp\/v2\/product_brand?post=6291"},{"taxonomy":"product_cat","embeddable":true,"href":"https:\/\/shop.italpreziosi.it\/es\/wp-json\/wp\/v2\/product_cat?post=6291"},{"taxonomy":"product_tag","embeddable":true,"href":"https:\/\/shop.italpreziosi.it\/es\/wp-json\/wp\/v2\/product_tag?post=6291"}],"curies":[{"name":"wp","href":"https:\/\/api.w.org\/{rel}","templated":true}]}}