{"id":6259,"date":"2025-11-14T16:50:28","date_gmt":"2025-11-14T15:50:28","guid":{"rendered":"https:\/\/shop.italpreziosi.it\/?post_type=product&#038;p=6259"},"modified":"2026-02-11T10:03:35","modified_gmt":"2026-02-11T09:03:35","slug":"enemigos-en-la-historia-cesar-vs-bruto","status":"publish","type":"product","link":"https:\/\/shop.italpreziosi.it\/es\/colecciones\/monedas\/enemigos-en-la-historia-cesar-vs-bruto\/","title":{"rendered":"Enemigos en la Historia \u2013 C\u00e9sar vs. Bruto"},"content":{"rendered":"<p>Conmemora una de las traiciones m\u00e1s c\u00e9lebres de la historia: esta moneda de 2 oz en plata presenta a Julio C\u00e9sar y Bruto en relieve ultra alto y con gran detalle.<\/p>\n","protected":false},"excerpt":{"rendered":"<p>Conmemora una de las traiciones m\u00e1s c\u00e9lebres de la historia: esta moneda de 2 oz en plata presenta a Julio C\u00e9sar y Bruto en relieve ultra alto y con gran detalle.<\/p>\n","protected":false},"featured_media":6256,"comment_status":"closed","ping_status":"closed","template":"","meta":{"_acf_changed":false},"product_brand":[],"product_cat":[327,323],"product_tag":[],"class_list":{"0":"post-6259","1":"product","2":"type-product","3":"status-publish","4":"has-post-thumbnail","6":"product_cat-monedas","7":"product_cat-colecciones","8":"pa_metallo-plata","10":"first","11":"outofstock","12":"taxable","13":"shipping-taxable","14":"purchasable","15":"product-type-simple"},"acf":[],"_links":{"self":[{"href":"https:\/\/shop.italpreziosi.it\/es\/wp-json\/wp\/v2\/product\/6259","targetHints":{"allow":["GET"]}}],"collection":[{"href":"https:\/\/shop.italpreziosi.it\/es\/wp-json\/wp\/v2\/product"}],"about":[{"href":"https:\/\/shop.italpreziosi.it\/es\/wp-json\/wp\/v2\/types\/product"}],"replies":[{"embeddable":true,"href":"https:\/\/shop.italpreziosi.it\/es\/wp-json\/wp\/v2\/comments?post=6259"}],"wp:featuredmedia":[{"embeddable":true,"href":"https:\/\/shop.italpreziosi.it\/es\/wp-json\/wp\/v2\/media\/6256"}],"wp:attachment":[{"href":"https:\/\/shop.italpreziosi.it\/es\/wp-json\/wp\/v2\/media?parent=6259"}],"wp:term":[{"taxonomy":"product_brand","embeddable":true,"href":"https:\/\/shop.italpreziosi.it\/es\/wp-json\/wp\/v2\/product_brand?post=6259"},{"taxonomy":"product_cat","embeddable":true,"href":"https:\/\/shop.italpreziosi.it\/es\/wp-json\/wp\/v2\/product_cat?post=6259"},{"taxonomy":"product_tag","embeddable":true,"href":"https:\/\/shop.italpreziosi.it\/es\/wp-json\/wp\/v2\/product_tag?post=6259"}],"curies":[{"name":"wp","href":"https:\/\/api.w.org\/{rel}","templated":true}]}}