{"id":6059,"date":"2025-11-12T14:32:43","date_gmt":"2025-11-12T13:32:43","guid":{"rendered":"https:\/\/shop.italpreziosi.it\/?post_type=product&#038;p=6059"},"modified":"2025-12-22T14:32:27","modified_gmt":"2025-12-22T13:32:27","slug":"1-oz-moneda-oro-ano-del-caballo-2026","status":"publish","type":"product","link":"https:\/\/shop.italpreziosi.it\/es\/inversion\/monedas\/oro\/1-oz-moneda-oro-ano-del-caballo-2026\/","title":{"rendered":"1 oz Moneda Oro A\u00f1o del Caballo 2026"},"content":{"rendered":"<p>Esta moneda forma parte de la Serie Lunar III de la Perth Mint y celebra el A\u00f1o del Caballo. Presenta un dise\u00f1o din\u00e1mico del caballo por Ing Ing Jong, con el retrato del Rey Carlos III en el anverso. Se acu\u00f1a en oro fino de 24 k y act\u00faa como pieza de colecci\u00f3n y moneda de curso legal en Australia.<\/p>\n","protected":false},"excerpt":{"rendered":"<p>Esta moneda forma parte de la Serie Lunar III de la Perth Mint y celebra el A\u00f1o del Caballo. Presenta un dise\u00f1o din\u00e1mico del caballo por Ing Ing Jong, con el retrato del Rey Carlos III en el anverso. Se acu\u00f1a en oro fino de 24 k y act\u00faa como pieza de colecci\u00f3n y moneda [&hellip;]<\/p>\n","protected":false},"featured_media":6056,"comment_status":"closed","ping_status":"closed","template":"","meta":{"_acf_changed":false},"product_brand":[],"product_cat":[343,329,345,339],"product_tag":[],"class_list":{"0":"post-6059","1":"product","2":"type-product","3":"status-publish","4":"has-post-thumbnail","6":"product_cat-oro-es-2","7":"product_cat-inversion","8":"product_cat-oro-es-3","9":"product_cat-monedas-es","10":"pa_metallo-oro-es","12":"first","13":"instock","14":"purchasable","15":"product-type-simple"},"acf":[],"_links":{"self":[{"href":"https:\/\/shop.italpreziosi.it\/es\/wp-json\/wp\/v2\/product\/6059","targetHints":{"allow":["GET"]}}],"collection":[{"href":"https:\/\/shop.italpreziosi.it\/es\/wp-json\/wp\/v2\/product"}],"about":[{"href":"https:\/\/shop.italpreziosi.it\/es\/wp-json\/wp\/v2\/types\/product"}],"replies":[{"embeddable":true,"href":"https:\/\/shop.italpreziosi.it\/es\/wp-json\/wp\/v2\/comments?post=6059"}],"wp:featuredmedia":[{"embeddable":true,"href":"https:\/\/shop.italpreziosi.it\/es\/wp-json\/wp\/v2\/media\/6056"}],"wp:attachment":[{"href":"https:\/\/shop.italpreziosi.it\/es\/wp-json\/wp\/v2\/media?parent=6059"}],"wp:term":[{"taxonomy":"product_brand","embeddable":true,"href":"https:\/\/shop.italpreziosi.it\/es\/wp-json\/wp\/v2\/product_brand?post=6059"},{"taxonomy":"product_cat","embeddable":true,"href":"https:\/\/shop.italpreziosi.it\/es\/wp-json\/wp\/v2\/product_cat?post=6059"},{"taxonomy":"product_tag","embeddable":true,"href":"https:\/\/shop.italpreziosi.it\/es\/wp-json\/wp\/v2\/product_tag?post=6059"}],"curies":[{"name":"wp","href":"https:\/\/api.w.org\/{rel}","templated":true}]}}