{"id":6049,"date":"2025-11-12T14:31:36","date_gmt":"2025-11-12T13:31:36","guid":{"rendered":"https:\/\/shop.italpreziosi.it\/?post_type=product&#038;p=6049"},"modified":"2025-12-22T16:20:22","modified_gmt":"2025-12-22T15:20:22","slug":"soberana-de-oro-isabel-ii-2022","status":"publish","type":"product","link":"https:\/\/shop.italpreziosi.it\/es\/inversion\/monedas\/oro\/soberana-de-oro-isabel-ii-2022\/","title":{"rendered":"Soberana de Oro Isabel II 2022"},"content":{"rendered":"<p>Edici\u00f3n conmemorativa de la hist\u00f3rica Soberana de Oro, acu\u00f1ada para celebrar el Jubileo de Platino de la Reina Isabel II. El dise\u00f1o exclusivo de Timothy Noad presenta el escudo real brit\u00e1nico con el le\u00f3n y el unicornio, convirtiendo esta moneda en un s\u00edmbolo de tradici\u00f3n y valor atemporal.<\/p>\n","protected":false},"excerpt":{"rendered":"<p>Edici\u00f3n conmemorativa de la hist\u00f3rica Soberana de Oro, acu\u00f1ada para celebrar el Jubileo de Platino de la Reina Isabel II. El dise\u00f1o exclusivo de Timothy Noad presenta el escudo real brit\u00e1nico con el le\u00f3n y el unicornio, convirtiendo esta moneda en un s\u00edmbolo de tradici\u00f3n y valor atemporal.<\/p>\n","protected":false},"featured_media":6047,"comment_status":"closed","ping_status":"closed","template":"","meta":{"_acf_changed":false},"product_brand":[],"product_cat":[343,329,345,339],"product_tag":[],"class_list":{"0":"post-6049","1":"product","2":"type-product","3":"status-publish","4":"has-post-thumbnail","6":"product_cat-oro-es-2","7":"product_cat-inversion","8":"product_cat-oro-es-3","9":"product_cat-monedas-es","10":"pa_metallo-oro-es","12":"first","13":"instock","14":"purchasable","15":"product-type-simple"},"acf":[],"_links":{"self":[{"href":"https:\/\/shop.italpreziosi.it\/es\/wp-json\/wp\/v2\/product\/6049","targetHints":{"allow":["GET"]}}],"collection":[{"href":"https:\/\/shop.italpreziosi.it\/es\/wp-json\/wp\/v2\/product"}],"about":[{"href":"https:\/\/shop.italpreziosi.it\/es\/wp-json\/wp\/v2\/types\/product"}],"replies":[{"embeddable":true,"href":"https:\/\/shop.italpreziosi.it\/es\/wp-json\/wp\/v2\/comments?post=6049"}],"wp:featuredmedia":[{"embeddable":true,"href":"https:\/\/shop.italpreziosi.it\/es\/wp-json\/wp\/v2\/media\/6047"}],"wp:attachment":[{"href":"https:\/\/shop.italpreziosi.it\/es\/wp-json\/wp\/v2\/media?parent=6049"}],"wp:term":[{"taxonomy":"product_brand","embeddable":true,"href":"https:\/\/shop.italpreziosi.it\/es\/wp-json\/wp\/v2\/product_brand?post=6049"},{"taxonomy":"product_cat","embeddable":true,"href":"https:\/\/shop.italpreziosi.it\/es\/wp-json\/wp\/v2\/product_cat?post=6049"},{"taxonomy":"product_tag","embeddable":true,"href":"https:\/\/shop.italpreziosi.it\/es\/wp-json\/wp\/v2\/product_tag?post=6049"}],"curies":[{"name":"wp","href":"https:\/\/api.w.org\/{rel}","templated":true}]}}