{"id":6030,"date":"2025-11-12T14:30:15","date_gmt":"2025-11-12T13:30:15","guid":{"rendered":"https:\/\/shop.italpreziosi.it\/?post_type=product&#038;p=6030"},"modified":"2025-12-22T14:17:25","modified_gmt":"2025-12-22T13:17:25","slug":"1-10-oz-lunar-iii-ano-del-caballo-oro-2026","status":"publish","type":"product","link":"https:\/\/shop.italpreziosi.it\/es\/inversion\/monedas\/oro\/1-10-oz-lunar-iii-ano-del-caballo-oro-2026\/","title":{"rendered":"1\/10 oz Lunar III A\u00f1o del Caballo Oro 2026"},"content":{"rendered":"<p>En celebraci\u00f3n del A\u00f1o del Caballo, esta moneda de oro de 1\/10 oz presenta un caballo en movimiento, parte de la Serie Lunar III de la Perth Mint.<\/p>\n","protected":false},"excerpt":{"rendered":"<p>En celebraci\u00f3n del A\u00f1o del Caballo, esta moneda de oro de 1\/10 oz presenta un caballo en movimiento, parte de la Serie Lunar III de la Perth Mint.<\/p>\n","protected":false},"featured_media":6027,"comment_status":"closed","ping_status":"closed","template":"","meta":{"_acf_changed":false},"product_brand":[],"product_cat":[343,329,345,339],"product_tag":[],"class_list":{"0":"post-6030","1":"product","2":"type-product","3":"status-publish","4":"has-post-thumbnail","6":"product_cat-oro-es-2","7":"product_cat-inversion","8":"product_cat-oro-es-3","9":"product_cat-monedas-es","10":"pa_metallo-oro-es","12":"first","13":"outofstock","14":"purchasable","15":"product-type-simple"},"acf":[],"_links":{"self":[{"href":"https:\/\/shop.italpreziosi.it\/es\/wp-json\/wp\/v2\/product\/6030","targetHints":{"allow":["GET"]}}],"collection":[{"href":"https:\/\/shop.italpreziosi.it\/es\/wp-json\/wp\/v2\/product"}],"about":[{"href":"https:\/\/shop.italpreziosi.it\/es\/wp-json\/wp\/v2\/types\/product"}],"replies":[{"embeddable":true,"href":"https:\/\/shop.italpreziosi.it\/es\/wp-json\/wp\/v2\/comments?post=6030"}],"wp:featuredmedia":[{"embeddable":true,"href":"https:\/\/shop.italpreziosi.it\/es\/wp-json\/wp\/v2\/media\/6027"}],"wp:attachment":[{"href":"https:\/\/shop.italpreziosi.it\/es\/wp-json\/wp\/v2\/media?parent=6030"}],"wp:term":[{"taxonomy":"product_brand","embeddable":true,"href":"https:\/\/shop.italpreziosi.it\/es\/wp-json\/wp\/v2\/product_brand?post=6030"},{"taxonomy":"product_cat","embeddable":true,"href":"https:\/\/shop.italpreziosi.it\/es\/wp-json\/wp\/v2\/product_cat?post=6030"},{"taxonomy":"product_tag","embeddable":true,"href":"https:\/\/shop.italpreziosi.it\/es\/wp-json\/wp\/v2\/product_tag?post=6030"}],"curies":[{"name":"wp","href":"https:\/\/api.w.org\/{rel}","templated":true}]}}