{"id":6008,"date":"2025-11-12T14:21:41","date_gmt":"2025-11-12T13:21:41","guid":{"rendered":"https:\/\/shop.italpreziosi.it\/?post_type=product&#038;p=6008"},"modified":"2025-12-22T17:12:49","modified_gmt":"2025-12-22T16:12:49","slug":"moneda-de-oro-20-francos-suizos-helvetia-cabeza-1883-1896","status":"publish","type":"product","link":"https:\/\/shop.italpreziosi.it\/es\/inversion\/monedas\/oro\/moneda-de-oro-20-francos-suizos-helvetia-cabeza-1883-1896\/","title":{"rendered":"Moneda de Oro 20 Francos Suizos Helvetia (Cabeza) 1883\u20131896"},"content":{"rendered":"<p>Esta moneda hist\u00f3rica muestra a Helvetia en el anverso y el escudo suizo con ramas de roble en el reverso. Acu\u00f1ada durante la Uni\u00f3n Monetaria Latina.<\/p>\n","protected":false},"excerpt":{"rendered":"<p>Esta moneda hist\u00f3rica muestra a Helvetia en el anverso y el escudo suizo con ramas de roble en el reverso. Acu\u00f1ada durante la Uni\u00f3n Monetaria Latina.<\/p>\n","protected":false},"featured_media":6005,"comment_status":"closed","ping_status":"closed","template":"","meta":{"_acf_changed":false},"product_brand":[],"product_cat":[343,329,345,339],"product_tag":[],"class_list":{"0":"post-6008","1":"product","2":"type-product","3":"status-publish","4":"has-post-thumbnail","6":"product_cat-oro-es-2","7":"product_cat-inversion","8":"product_cat-oro-es-3","9":"product_cat-monedas-es","10":"pa_metallo-oro-es","12":"first","13":"instock","14":"purchasable","15":"product-type-simple"},"acf":[],"_links":{"self":[{"href":"https:\/\/shop.italpreziosi.it\/es\/wp-json\/wp\/v2\/product\/6008","targetHints":{"allow":["GET"]}}],"collection":[{"href":"https:\/\/shop.italpreziosi.it\/es\/wp-json\/wp\/v2\/product"}],"about":[{"href":"https:\/\/shop.italpreziosi.it\/es\/wp-json\/wp\/v2\/types\/product"}],"replies":[{"embeddable":true,"href":"https:\/\/shop.italpreziosi.it\/es\/wp-json\/wp\/v2\/comments?post=6008"}],"wp:featuredmedia":[{"embeddable":true,"href":"https:\/\/shop.italpreziosi.it\/es\/wp-json\/wp\/v2\/media\/6005"}],"wp:attachment":[{"href":"https:\/\/shop.italpreziosi.it\/es\/wp-json\/wp\/v2\/media?parent=6008"}],"wp:term":[{"taxonomy":"product_brand","embeddable":true,"href":"https:\/\/shop.italpreziosi.it\/es\/wp-json\/wp\/v2\/product_brand?post=6008"},{"taxonomy":"product_cat","embeddable":true,"href":"https:\/\/shop.italpreziosi.it\/es\/wp-json\/wp\/v2\/product_cat?post=6008"},{"taxonomy":"product_tag","embeddable":true,"href":"https:\/\/shop.italpreziosi.it\/es\/wp-json\/wp\/v2\/product_tag?post=6008"}],"curies":[{"name":"wp","href":"https:\/\/api.w.org\/{rel}","templated":true}]}}