{"id":6000,"date":"2025-11-12T14:22:45","date_gmt":"2025-11-12T13:22:45","guid":{"rendered":"https:\/\/shop.italpreziosi.it\/?post_type=product&#038;p=6000"},"modified":"2025-12-22T15:20:42","modified_gmt":"2025-12-22T14:20:42","slug":"1-4-oz-maple-leaf-oro-2026","status":"publish","type":"product","link":"https:\/\/shop.italpreziosi.it\/es\/inversion\/monedas\/oro\/1-4-oz-maple-leaf-oro-2026\/","title":{"rendered":"1\/4 oz Maple Leaf Oro 2026"},"content":{"rendered":"<p>Una versi\u00f3n m\u00e1s peque\u00f1a de la ic\u00f3nica moneda de inversi\u00f3n canadiense, con el cl\u00e1sico dise\u00f1o de la hoja de arce y el retrato de Carlos III.<\/p>\n","protected":false},"excerpt":{"rendered":"<p>Una versi\u00f3n m\u00e1s peque\u00f1a de la ic\u00f3nica moneda de inversi\u00f3n canadiense, con el cl\u00e1sico dise\u00f1o de la hoja de arce y el retrato de Carlos III.<\/p>\n","protected":false},"featured_media":5999,"comment_status":"closed","ping_status":"closed","template":"","meta":{"_acf_changed":false},"product_brand":[],"product_cat":[343,329,345,339],"product_tag":[],"class_list":{"0":"post-6000","1":"product","2":"type-product","3":"status-publish","4":"has-post-thumbnail","6":"product_cat-oro-es-2","7":"product_cat-inversion","8":"product_cat-oro-es-3","9":"product_cat-monedas-es","10":"pa_metallo-oro-es","12":"first","13":"outofstock","14":"purchasable","15":"product-type-simple"},"acf":[],"_links":{"self":[{"href":"https:\/\/shop.italpreziosi.it\/es\/wp-json\/wp\/v2\/product\/6000","targetHints":{"allow":["GET"]}}],"collection":[{"href":"https:\/\/shop.italpreziosi.it\/es\/wp-json\/wp\/v2\/product"}],"about":[{"href":"https:\/\/shop.italpreziosi.it\/es\/wp-json\/wp\/v2\/types\/product"}],"replies":[{"embeddable":true,"href":"https:\/\/shop.italpreziosi.it\/es\/wp-json\/wp\/v2\/comments?post=6000"}],"wp:featuredmedia":[{"embeddable":true,"href":"https:\/\/shop.italpreziosi.it\/es\/wp-json\/wp\/v2\/media\/5999"}],"wp:attachment":[{"href":"https:\/\/shop.italpreziosi.it\/es\/wp-json\/wp\/v2\/media?parent=6000"}],"wp:term":[{"taxonomy":"product_brand","embeddable":true,"href":"https:\/\/shop.italpreziosi.it\/es\/wp-json\/wp\/v2\/product_brand?post=6000"},{"taxonomy":"product_cat","embeddable":true,"href":"https:\/\/shop.italpreziosi.it\/es\/wp-json\/wp\/v2\/product_cat?post=6000"},{"taxonomy":"product_tag","embeddable":true,"href":"https:\/\/shop.italpreziosi.it\/es\/wp-json\/wp\/v2\/product_tag?post=6000"}],"curies":[{"name":"wp","href":"https:\/\/api.w.org\/{rel}","templated":true}]}}