{"id":5988,"date":"2025-11-12T14:25:28","date_gmt":"2025-11-12T13:25:28","guid":{"rendered":"https:\/\/shop.italpreziosi.it\/?post_type=product&#038;p=5988"},"modified":"2025-12-22T15:24:17","modified_gmt":"2025-12-22T14:24:17","slug":"1-2-oz-maple-leaf-oro-2026","status":"publish","type":"product","link":"https:\/\/shop.italpreziosi.it\/es\/inversion\/monedas\/oro\/1-2-oz-maple-leaf-oro-2026\/","title":{"rendered":"1\/2 oz Maple Leaf Oro 2026"},"content":{"rendered":"<p>La moneda de oro Maple Leaf de 1\/2 oz es conocida por su dise\u00f1o elegante, con el s\u00edmbolo nacional de Canad\u00e1. Acu\u00f1ada en oro fino 999,9.<\/p>\n","protected":false},"excerpt":{"rendered":"<p>La moneda de oro Maple Leaf de 1\/2 oz es conocida por su dise\u00f1o elegante, con el s\u00edmbolo nacional de Canad\u00e1. Acu\u00f1ada en oro fino 999,9.<\/p>\n","protected":false},"featured_media":5987,"comment_status":"closed","ping_status":"closed","template":"","meta":{"_acf_changed":false},"product_brand":[],"product_cat":[343,329,345,339],"product_tag":[],"class_list":{"0":"post-5988","1":"product","2":"type-product","3":"status-publish","4":"has-post-thumbnail","6":"product_cat-oro-es-2","7":"product_cat-inversion","8":"product_cat-oro-es-3","9":"product_cat-monedas-es","10":"pa_metallo-oro-es","12":"first","13":"outofstock","14":"purchasable","15":"product-type-simple"},"acf":[],"_links":{"self":[{"href":"https:\/\/shop.italpreziosi.it\/es\/wp-json\/wp\/v2\/product\/5988","targetHints":{"allow":["GET"]}}],"collection":[{"href":"https:\/\/shop.italpreziosi.it\/es\/wp-json\/wp\/v2\/product"}],"about":[{"href":"https:\/\/shop.italpreziosi.it\/es\/wp-json\/wp\/v2\/types\/product"}],"replies":[{"embeddable":true,"href":"https:\/\/shop.italpreziosi.it\/es\/wp-json\/wp\/v2\/comments?post=5988"}],"wp:featuredmedia":[{"embeddable":true,"href":"https:\/\/shop.italpreziosi.it\/es\/wp-json\/wp\/v2\/media\/5987"}],"wp:attachment":[{"href":"https:\/\/shop.italpreziosi.it\/es\/wp-json\/wp\/v2\/media?parent=5988"}],"wp:term":[{"taxonomy":"product_brand","embeddable":true,"href":"https:\/\/shop.italpreziosi.it\/es\/wp-json\/wp\/v2\/product_brand?post=5988"},{"taxonomy":"product_cat","embeddable":true,"href":"https:\/\/shop.italpreziosi.it\/es\/wp-json\/wp\/v2\/product_cat?post=5988"},{"taxonomy":"product_tag","embeddable":true,"href":"https:\/\/shop.italpreziosi.it\/es\/wp-json\/wp\/v2\/product_tag?post=5988"}],"curies":[{"name":"wp","href":"https:\/\/api.w.org\/{rel}","templated":true}]}}