{"id":5984,"date":"2025-11-12T14:26:27","date_gmt":"2025-11-12T13:26:27","guid":{"rendered":"https:\/\/shop.italpreziosi.it\/?post_type=product&#038;p=5984"},"modified":"2025-12-22T14:28:29","modified_gmt":"2025-12-22T13:28:29","slug":"1-2-oz-lunar-iii-ano-del-caballo-oro-2026","status":"publish","type":"product","link":"https:\/\/shop.italpreziosi.it\/es\/inversion\/monedas\/oro\/1-2-oz-lunar-iii-ano-del-caballo-oro-2026\/","title":{"rendered":"1\/2 oz Lunar III A\u00f1o del Caballo Oro 2026"},"content":{"rendered":"<p>Esta moneda de 1\/2 oz celebra el A\u00f1o del Caballo, parte de la Serie Lunar III de la Perth Mint. El caballo simboliza libertad, energ\u00eda y \u00e9xito.<\/p>\n","protected":false},"excerpt":{"rendered":"<p>Esta moneda de 1\/2 oz celebra el A\u00f1o del Caballo, parte de la Serie Lunar III de la Perth Mint. El caballo simboliza libertad, energ\u00eda y \u00e9xito.<\/p>\n","protected":false},"featured_media":5981,"comment_status":"closed","ping_status":"closed","template":"","meta":{"_acf_changed":false},"product_brand":[],"product_cat":[343,329,345,339],"product_tag":[],"class_list":{"0":"post-5984","1":"product","2":"type-product","3":"status-publish","4":"has-post-thumbnail","6":"product_cat-oro-es-2","7":"product_cat-inversion","8":"product_cat-oro-es-3","9":"product_cat-monedas-es","10":"pa_metallo-oro-es","12":"first","13":"outofstock","14":"purchasable","15":"product-type-simple"},"acf":[],"_links":{"self":[{"href":"https:\/\/shop.italpreziosi.it\/es\/wp-json\/wp\/v2\/product\/5984","targetHints":{"allow":["GET"]}}],"collection":[{"href":"https:\/\/shop.italpreziosi.it\/es\/wp-json\/wp\/v2\/product"}],"about":[{"href":"https:\/\/shop.italpreziosi.it\/es\/wp-json\/wp\/v2\/types\/product"}],"replies":[{"embeddable":true,"href":"https:\/\/shop.italpreziosi.it\/es\/wp-json\/wp\/v2\/comments?post=5984"}],"wp:featuredmedia":[{"embeddable":true,"href":"https:\/\/shop.italpreziosi.it\/es\/wp-json\/wp\/v2\/media\/5981"}],"wp:attachment":[{"href":"https:\/\/shop.italpreziosi.it\/es\/wp-json\/wp\/v2\/media?parent=5984"}],"wp:term":[{"taxonomy":"product_brand","embeddable":true,"href":"https:\/\/shop.italpreziosi.it\/es\/wp-json\/wp\/v2\/product_brand?post=5984"},{"taxonomy":"product_cat","embeddable":true,"href":"https:\/\/shop.italpreziosi.it\/es\/wp-json\/wp\/v2\/product_cat?post=5984"},{"taxonomy":"product_tag","embeddable":true,"href":"https:\/\/shop.italpreziosi.it\/es\/wp-json\/wp\/v2\/product_tag?post=5984"}],"curies":[{"name":"wp","href":"https:\/\/api.w.org\/{rel}","templated":true}]}}