{"id":3415,"date":"2025-07-09T13:12:10","date_gmt":"2025-07-09T11:12:10","guid":{"rendered":"https:\/\/shop.italpreziosi.it\/sin%20categor\u00eda\/silver-krugerrand\/"},"modified":"2026-02-25T16:09:41","modified_gmt":"2026-02-25T15:09:41","slug":"silver-krugerrand","status":"publish","type":"product","link":"https:\/\/shop.italpreziosi.it\/es\/inversion\/monedas\/plata\/silver-krugerrand\/","title":{"rendered":"Silver Krugerrand"},"content":{"rendered":"<p>El <strong>Krugerrand de plata de una onz<\/strong>a es una moneda emitida por la prestigiosa refiner\u00eda Rand de <strong>Sud\u00e1frica<\/strong>. Mientras que su hom\u00f3logo en oro debut\u00f3 en 1967, el <strong>Krugerrand de plata de pureza 999<\/strong> no se introdujo en el mercado hasta hace pocos a\u00f1os.<\/p>\n<p>Esta fascinante moneda muestra en el anverso<strong> el retrato de Paul Kruger<\/strong>, ex presidente de Sud\u00e1frica, y en el reverso<strong> el emblem\u00e1tico ant\u00edlope Springbok<\/strong>, s\u00edmbolo del pa\u00eds.<\/p>\n","protected":false},"excerpt":{"rendered":"<p>El Krugerrand de plata de una onza es una moneda emitida por la prestigiosa refiner\u00eda Rand de Sud\u00e1frica. Mientras que su hom\u00f3logo en oro debut\u00f3 en 1967, el Krugerrand de plata de pureza 999 no se introdujo en el mercado hasta hace pocos a\u00f1os. Esta fascinante moneda muestra en el anverso el retrato de Paul [&hellip;]<\/p>\n","protected":false},"featured_media":1315,"comment_status":"closed","ping_status":"closed","template":"","meta":{"_acf_changed":false},"product_brand":[],"product_cat":[341,329,330,339,349,357,359],"product_tag":[],"class_list":{"0":"post-3415","1":"product","2":"type-product","3":"status-publish","4":"has-post-thumbnail","6":"product_cat-plata-es-2","7":"product_cat-inversion","8":"product_cat-plata","9":"product_cat-monedas-es","10":"product_cat-venta","11":"product_cat-venta-monedas","12":"product_cat-venta-monedas-de-plata","13":"pa_metallo-plata","15":"first","16":"outofstock","17":"taxable","18":"shipping-taxable","19":"purchasable","20":"product-type-simple"},"acf":[],"_links":{"self":[{"href":"https:\/\/shop.italpreziosi.it\/es\/wp-json\/wp\/v2\/product\/3415","targetHints":{"allow":["GET"]}}],"collection":[{"href":"https:\/\/shop.italpreziosi.it\/es\/wp-json\/wp\/v2\/product"}],"about":[{"href":"https:\/\/shop.italpreziosi.it\/es\/wp-json\/wp\/v2\/types\/product"}],"replies":[{"embeddable":true,"href":"https:\/\/shop.italpreziosi.it\/es\/wp-json\/wp\/v2\/comments?post=3415"}],"wp:featuredmedia":[{"embeddable":true,"href":"https:\/\/shop.italpreziosi.it\/es\/wp-json\/wp\/v2\/media\/1315"}],"wp:attachment":[{"href":"https:\/\/shop.italpreziosi.it\/es\/wp-json\/wp\/v2\/media?parent=3415"}],"wp:term":[{"taxonomy":"product_brand","embeddable":true,"href":"https:\/\/shop.italpreziosi.it\/es\/wp-json\/wp\/v2\/product_brand?post=3415"},{"taxonomy":"product_cat","embeddable":true,"href":"https:\/\/shop.italpreziosi.it\/es\/wp-json\/wp\/v2\/product_cat?post=3415"},{"taxonomy":"product_tag","embeddable":true,"href":"https:\/\/shop.italpreziosi.it\/es\/wp-json\/wp\/v2\/product_tag?post=3415"}],"curies":[{"name":"wp","href":"https:\/\/api.w.org\/{rel}","templated":true}]}}