{"id":3403,"date":"2025-07-09T11:13:09","date_gmt":"2025-07-09T09:13:09","guid":{"rendered":"https:\/\/shop.italpreziosi.it\/sin%20categor\u00eda\/sterlina-britannica\/"},"modified":"2025-11-06T11:00:59","modified_gmt":"2025-11-06T10:00:59","slug":"esterlina-britanica","status":"publish","type":"product","link":"https:\/\/shop.italpreziosi.it\/es\/inversion\/monedas\/oro\/esterlina-britanica\/","title":{"rendered":"Esterlina Brit\u00e1nica"},"content":{"rendered":"<p>La <strong>Esterlina Brit\u00e1nica<\/strong>\u00a0tiene sus or\u00edgenes en la Europa continental de la \u00e9poca romana. Su nombre se deriva <strong>de la palabra latina <\/strong>\u00ab<strong>poundus<\/strong>\u00bb que significa \u00abpeso\u00bb. La libra era una unidad monetaria ya <strong>en el a\u00f1o 775 D.C.<\/strong>, en la Inglaterra anglosajona; m\u00e1s tarde, Athelstan de Inglaterra, el primer rey de Inglaterra, adopt\u00f3 la libra como la <strong>primera moneda nacional<\/strong>, estableciendo f\u00e1bricas de moneda en todo el pa\u00eds para abastecer a la creciente naci\u00f3n.<\/p>\n<p>La moneda representa, por un lado, a <strong>San Jorge a caballo<\/strong> matando al drag\u00f3n, y a la <strong>Reina Isabel II<\/strong> por el otro.<\/p>\n","protected":false},"excerpt":{"rendered":"<p>La Esterlina Brit\u00e1nica\u00a0tiene sus or\u00edgenes en la Europa continental de la \u00e9poca romana. Su nombre se deriva de la palabra latina \u00abpoundus\u00bb que significa \u00abpeso\u00bb. La libra era una unidad monetaria ya en el a\u00f1o 775 D.C., en la Inglaterra anglosajona; m\u00e1s tarde, Athelstan de Inglaterra, el primer rey de Inglaterra, adopt\u00f3 la libra como [&hellip;]<\/p>\n","protected":false},"featured_media":1235,"comment_status":"closed","ping_status":"closed","template":"","meta":{"_acf_changed":false},"product_brand":[],"product_cat":[343,329,345,339,349,357,362],"product_tag":[],"class_list":{"0":"post-3403","1":"product","2":"type-product","3":"status-publish","4":"has-post-thumbnail","6":"product_cat-oro-es-2","7":"product_cat-inversion","8":"product_cat-oro-es-3","9":"product_cat-monedas-es","10":"product_cat-venta","11":"product_cat-venta-monedas","12":"product_cat-venta-monedas-de-oro","13":"pa_metallo-oro-es","15":"first","16":"instock","17":"purchasable","18":"product-type-simple"},"acf":[],"_links":{"self":[{"href":"https:\/\/shop.italpreziosi.it\/es\/wp-json\/wp\/v2\/product\/3403","targetHints":{"allow":["GET"]}}],"collection":[{"href":"https:\/\/shop.italpreziosi.it\/es\/wp-json\/wp\/v2\/product"}],"about":[{"href":"https:\/\/shop.italpreziosi.it\/es\/wp-json\/wp\/v2\/types\/product"}],"replies":[{"embeddable":true,"href":"https:\/\/shop.italpreziosi.it\/es\/wp-json\/wp\/v2\/comments?post=3403"}],"wp:featuredmedia":[{"embeddable":true,"href":"https:\/\/shop.italpreziosi.it\/es\/wp-json\/wp\/v2\/media\/1235"}],"wp:attachment":[{"href":"https:\/\/shop.italpreziosi.it\/es\/wp-json\/wp\/v2\/media?parent=3403"}],"wp:term":[{"taxonomy":"product_brand","embeddable":true,"href":"https:\/\/shop.italpreziosi.it\/es\/wp-json\/wp\/v2\/product_brand?post=3403"},{"taxonomy":"product_cat","embeddable":true,"href":"https:\/\/shop.italpreziosi.it\/es\/wp-json\/wp\/v2\/product_cat?post=3403"},{"taxonomy":"product_tag","embeddable":true,"href":"https:\/\/shop.italpreziosi.it\/es\/wp-json\/wp\/v2\/product_tag?post=3403"}],"curies":[{"name":"wp","href":"https:\/\/api.w.org\/{rel}","templated":true}]}}