{"id":3399,"date":"2025-07-09T10:31:59","date_gmt":"2025-07-09T08:31:59","guid":{"rendered":"https:\/\/shop.italpreziosi.it\/sin%20categor\u00eda\/marengo\/"},"modified":"2025-11-06T11:10:19","modified_gmt":"2025-11-06T10:10:19","slug":"marengo","status":"publish","type":"product","link":"https:\/\/shop.italpreziosi.it\/es\/inversion\/monedas\/oro\/marengo\/","title":{"rendered":"Marengo"},"content":{"rendered":"<p>Esta moneda fue acu\u00f1ada inicialmente en <strong>1801<\/strong> para celebrar la victoria de <strong>Napole\u00f3n<\/strong> contra el Imperio Austriaco. Tras la ca\u00edda de Napole\u00f3n, el nombre de <strong>Marengo<\/strong> se extendi\u00f3 a todas las monedas (de <strong>20 francos<\/strong>) y, con el posterior establecimiento de la Uni\u00f3n Monetaria Latina, el nombre abarc\u00f3 <strong>todas las monedas de igual valor<\/strong>, incluidas las de 20 liras italianas y las de igual denominaci\u00f3n de B\u00e9lgica y Suiza.<\/p>\n","protected":false},"excerpt":{"rendered":"<p>Esta moneda fue acu\u00f1ada inicialmente en 1801 para celebrar la victoria de Napole\u00f3n contra el Imperio Austriaco. Tras la ca\u00edda de Napole\u00f3n, el nombre de Marengo se extendi\u00f3 a todas las monedas (de 20 francos) y, con el posterior establecimiento de la Uni\u00f3n Monetaria Latina, el nombre abarc\u00f3 todas las monedas de igual valor, incluidas [&hellip;]<\/p>\n","protected":false},"featured_media":1217,"comment_status":"closed","ping_status":"closed","template":"","meta":{"_acf_changed":false},"product_brand":[],"product_cat":[343,329,345,339,349,357,362],"product_tag":[],"class_list":{"0":"post-3399","1":"product","2":"type-product","3":"status-publish","4":"has-post-thumbnail","6":"product_cat-oro-es-2","7":"product_cat-inversion","8":"product_cat-oro-es-3","9":"product_cat-monedas-es","10":"product_cat-venta","11":"product_cat-venta-monedas","12":"product_cat-venta-monedas-de-oro","13":"pa_metallo-oro-es","15":"first","16":"instock","17":"purchasable","18":"product-type-simple"},"acf":[],"_links":{"self":[{"href":"https:\/\/shop.italpreziosi.it\/es\/wp-json\/wp\/v2\/product\/3399","targetHints":{"allow":["GET"]}}],"collection":[{"href":"https:\/\/shop.italpreziosi.it\/es\/wp-json\/wp\/v2\/product"}],"about":[{"href":"https:\/\/shop.italpreziosi.it\/es\/wp-json\/wp\/v2\/types\/product"}],"replies":[{"embeddable":true,"href":"https:\/\/shop.italpreziosi.it\/es\/wp-json\/wp\/v2\/comments?post=3399"}],"wp:featuredmedia":[{"embeddable":true,"href":"https:\/\/shop.italpreziosi.it\/es\/wp-json\/wp\/v2\/media\/1217"}],"wp:attachment":[{"href":"https:\/\/shop.italpreziosi.it\/es\/wp-json\/wp\/v2\/media?parent=3399"}],"wp:term":[{"taxonomy":"product_brand","embeddable":true,"href":"https:\/\/shop.italpreziosi.it\/es\/wp-json\/wp\/v2\/product_brand?post=3399"},{"taxonomy":"product_cat","embeddable":true,"href":"https:\/\/shop.italpreziosi.it\/es\/wp-json\/wp\/v2\/product_cat?post=3399"},{"taxonomy":"product_tag","embeddable":true,"href":"https:\/\/shop.italpreziosi.it\/es\/wp-json\/wp\/v2\/product_tag?post=3399"}],"curies":[{"name":"wp","href":"https:\/\/api.w.org\/{rel}","templated":true}]}}