{"id":3391,"date":"2025-07-08T19:07:08","date_gmt":"2025-07-08T17:07:08","guid":{"rendered":"https:\/\/shop.italpreziosi.it\/sin%20categor\u00eda\/50-pesos-mexico\/"},"modified":"2025-11-06T11:31:44","modified_gmt":"2025-11-06T10:31:44","slug":"50-pesos-mexico","status":"publish","type":"product","link":"https:\/\/shop.italpreziosi.it\/es\/inversion\/monedas\/oro\/50-pesos-mexico\/","title":{"rendered":"50 Pesos Mexico"},"content":{"rendered":"<p>Acu\u00f1ada por primera vez en <strong>1921<\/strong>, la <strong>moneda de oro de 50 Pesos mexicanos<\/strong> se concibi\u00f3 como <strong>un homenaje a la independencia de M\u00e9xico<\/strong> del colonialismo espa\u00f1ol en su 100.\u00ba aniversario. La victoria frente a los invasores est\u00e1 simbolizada por <strong>el \u00e1guila sobre el nopal<\/strong> con una serpiente en el pico, mientras que en el otro lado figura la <strong>Nik\u00e9 de Samotracia<\/strong>, emblema de la victoria b\u00e9lica.<\/p>\n","protected":false},"excerpt":{"rendered":"<p>Acu\u00f1ada por primera vez en 1921, la moneda de oro de 50 Pesos mexicanos se concibi\u00f3 como un homenaje a la independencia de M\u00e9xico del colonialismo espa\u00f1ol en su 100.\u00ba aniversario. La victoria frente a los invasores est\u00e1 simbolizada por el \u00e1guila sobre el nopal con una serpiente en el pico, mientras que en el [&hellip;]<\/p>\n","protected":false},"featured_media":1158,"comment_status":"closed","ping_status":"closed","template":"","meta":{"_acf_changed":false},"product_brand":[],"product_cat":[343,329,345,339,349,357,362],"product_tag":[],"class_list":{"0":"post-3391","1":"product","2":"type-product","3":"status-publish","4":"has-post-thumbnail","6":"product_cat-oro-es-2","7":"product_cat-inversion","8":"product_cat-oro-es-3","9":"product_cat-monedas-es","10":"product_cat-venta","11":"product_cat-venta-monedas","12":"product_cat-venta-monedas-de-oro","13":"pa_metallo-oro-es","15":"first","16":"instock","17":"product-type-simple"},"acf":[],"_links":{"self":[{"href":"https:\/\/shop.italpreziosi.it\/es\/wp-json\/wp\/v2\/product\/3391","targetHints":{"allow":["GET"]}}],"collection":[{"href":"https:\/\/shop.italpreziosi.it\/es\/wp-json\/wp\/v2\/product"}],"about":[{"href":"https:\/\/shop.italpreziosi.it\/es\/wp-json\/wp\/v2\/types\/product"}],"replies":[{"embeddable":true,"href":"https:\/\/shop.italpreziosi.it\/es\/wp-json\/wp\/v2\/comments?post=3391"}],"wp:featuredmedia":[{"embeddable":true,"href":"https:\/\/shop.italpreziosi.it\/es\/wp-json\/wp\/v2\/media\/1158"}],"wp:attachment":[{"href":"https:\/\/shop.italpreziosi.it\/es\/wp-json\/wp\/v2\/media?parent=3391"}],"wp:term":[{"taxonomy":"product_brand","embeddable":true,"href":"https:\/\/shop.italpreziosi.it\/es\/wp-json\/wp\/v2\/product_brand?post=3391"},{"taxonomy":"product_cat","embeddable":true,"href":"https:\/\/shop.italpreziosi.it\/es\/wp-json\/wp\/v2\/product_cat?post=3391"},{"taxonomy":"product_tag","embeddable":true,"href":"https:\/\/shop.italpreziosi.it\/es\/wp-json\/wp\/v2\/product_tag?post=3391"}],"curies":[{"name":"wp","href":"https:\/\/api.w.org\/{rel}","templated":true}]}}