{"id":3387,"date":"2025-07-08T17:48:05","date_gmt":"2025-07-08T15:48:05","guid":{"rendered":"https:\/\/shop.italpreziosi.it\/sin%20categor\u00eda\/britannia\/"},"modified":"2025-11-06T11:44:34","modified_gmt":"2025-11-06T10:44:34","slug":"britannia","status":"publish","type":"product","link":"https:\/\/shop.italpreziosi.it\/es\/inversion\/monedas\/oro\/britannia\/","title":{"rendered":"Britannia"},"content":{"rendered":"<p data-start=\"902\" data-end=\"1173\">Entre las <strong>monedas de colecci\u00f3n<\/strong> m\u00e1s apreciadas no puede faltar la <strong data-start=\"967\" data-end=\"987\">Britannia de oro<\/strong>, primera moneda de inversi\u00f3n europea. Se caracteriza por el <strong>inconfundible icono de<\/strong> <strong data-start=\"1071\" data-end=\"1084\">Britannia<\/strong>, representaci\u00f3n femenina de <strong>Gran Breta\u00f1a<\/strong> y rostro moderno del metal precioso desde 1987.<\/p>\n<p data-start=\"1175\" data-end=\"1495\">Su historia se remonta a la \u00e9poca romana, cuando Britannia apareci\u00f3 por primera vez en las monedas de <strong data-start=\"1277\" data-end=\"1288\">Adriano<\/strong> hacia el <strong data-start=\"1298\" data-end=\"1311\">119 d. C.<\/strong>, como s\u00edmbolo de una nueva provincia y de un nuevo pueblo. El icono se retom\u00f3 en la <strong data-start=\"1396\" data-end=\"1422\">acu\u00f1aci\u00f3n de Carlos II<\/strong> en <strong data-start=\"1426\" data-end=\"1434\">1672<\/strong> y desde entonces ha figurado en las monedas de cada monarca.<\/p>\n<p data-start=\"1497\" data-end=\"1789\">El anverso de la moneda muestra la imagen del <strong data-start=\"1543\" data-end=\"1561\">rey Carlos III<\/strong> representada por <strong data-start=\"1579\" data-end=\"1596\">Philip Nathan<\/strong>. Acu\u00f1ada en <strong data-start=\"1609\" data-end=\"1646\">oro fino 999,9\/1000 <\/strong>(<strong data-start=\"1609\" data-end=\"1646\">24 quilates<\/strong>), la Britannia es conocida en todo el mundo y es buscada por inversores e instituciones como <strong>metal precioso de inversi\u00f3n<\/strong> extremadamente fiable.<\/p>\n","protected":false},"excerpt":{"rendered":"<p>Entre las monedas de colecci\u00f3n m\u00e1s apreciadas no puede faltar la Britannia de oro, primera moneda de inversi\u00f3n europea. Se caracteriza por el inconfundible icono de Britannia, representaci\u00f3n femenina de Gran Breta\u00f1a y rostro moderno del metal precioso desde 1987. Su historia se remonta a la \u00e9poca romana, cuando Britannia apareci\u00f3 por primera vez en [&hellip;]<\/p>\n","protected":false},"featured_media":1126,"comment_status":"closed","ping_status":"closed","template":"","meta":{"_acf_changed":false},"product_brand":[],"product_cat":[343,329,345,339,349,357,362],"product_tag":[],"class_list":{"0":"post-3387","1":"product","2":"type-product","3":"status-publish","4":"has-post-thumbnail","6":"product_cat-oro-es-2","7":"product_cat-inversion","8":"product_cat-oro-es-3","9":"product_cat-monedas-es","10":"product_cat-venta","11":"product_cat-venta-monedas","12":"product_cat-venta-monedas-de-oro","13":"pa_metallo-oro-es","15":"first","16":"instock","17":"purchasable","18":"product-type-simple"},"acf":[],"_links":{"self":[{"href":"https:\/\/shop.italpreziosi.it\/es\/wp-json\/wp\/v2\/product\/3387","targetHints":{"allow":["GET"]}}],"collection":[{"href":"https:\/\/shop.italpreziosi.it\/es\/wp-json\/wp\/v2\/product"}],"about":[{"href":"https:\/\/shop.italpreziosi.it\/es\/wp-json\/wp\/v2\/types\/product"}],"replies":[{"embeddable":true,"href":"https:\/\/shop.italpreziosi.it\/es\/wp-json\/wp\/v2\/comments?post=3387"}],"wp:featuredmedia":[{"embeddable":true,"href":"https:\/\/shop.italpreziosi.it\/es\/wp-json\/wp\/v2\/media\/1126"}],"wp:attachment":[{"href":"https:\/\/shop.italpreziosi.it\/es\/wp-json\/wp\/v2\/media?parent=3387"}],"wp:term":[{"taxonomy":"product_brand","embeddable":true,"href":"https:\/\/shop.italpreziosi.it\/es\/wp-json\/wp\/v2\/product_brand?post=3387"},{"taxonomy":"product_cat","embeddable":true,"href":"https:\/\/shop.italpreziosi.it\/es\/wp-json\/wp\/v2\/product_cat?post=3387"},{"taxonomy":"product_tag","embeddable":true,"href":"https:\/\/shop.italpreziosi.it\/es\/wp-json\/wp\/v2\/product_tag?post=3387"}],"curies":[{"name":"wp","href":"https:\/\/api.w.org\/{rel}","templated":true}]}}