{"id":3380,"date":"2025-07-09T13:26:37","date_gmt":"2025-07-09T11:26:37","guid":{"rendered":"https:\/\/shop.italpreziosi.it\/sin%20categor\u00eda\/lingotto-argento-10-oz\/"},"modified":"2025-11-06T10:08:50","modified_gmt":"2025-11-06T09:08:50","slug":"barra-de-plata-de-10-oz","status":"publish","type":"product","link":"https:\/\/shop.italpreziosi.it\/es\/inversion\/lingotes\/plata\/barra-de-plata-de-10-oz\/","title":{"rendered":"Barra de Plata de 10 Oz"},"content":{"rendered":"<p data-start=\"828\" data-end=\"1218\">Los <strong data-start=\"832\" data-end=\"871\">lingotes de plata de 10 oz <\/strong>con <strong data-start=\"876\" data-end=\"889\">ley 999,0<\/strong> constituyen un <strong data-start=\"905\" data-end=\"927\">formato intermedio<\/strong> que combina a<strong>ccesibilidad y conveniencia<\/strong> para aumentar la exposici\u00f3n al metal f\u00edsico sin comprometer el capital de los tama\u00f1os mayores. <strong data-start=\"1064\" data-end=\"1104\">Refinados en Italia por Italpreziosi<\/strong>, est\u00e1n pensados para construir una <strong>cartera bien diversificada<\/strong> o para escalonar compras a lo largo del tiempo.<\/p>\n<p data-start=\"1220\" data-end=\"1471\">Hist\u00f3ricamente, la <strong data-start=\"1239\" data-end=\"1248\">plata<\/strong> ha demostrado capacidad para preservar valor a largo plazo; el <strong data-start=\"1312\" data-end=\"1332\">lingote de 10 oz<\/strong> es una opci\u00f3n eficaz para quien busca un activo <strong data-start=\"1381\" data-end=\"1424\">real<\/strong>,<strong data-start=\"1381\" data-end=\"1424\"> tangible y ampliamente reconocido<\/strong> dentro de una estrategia patrimonial prudente.<\/p>\n<p data-start=\"1473\" data-end=\"1676\">Se trata de un <strong>lingote<\/strong> <strong data-start=\"1496\" data-end=\"1507\">fundido<\/strong>: peque\u00f1as imperfecciones superficiales son normales frente a los lingotes acu\u00f1ados (pulidos) y no afectan a su <strong data-start=\"1627\" data-end=\"1645\">pureza <\/strong>(<strong data-start=\"1627\" data-end=\"1645\">999,0<\/strong>), peso ni <strong data-start=\"1655\" data-end=\"1675\">valor intr\u00ednseco<\/strong>.<\/p>\n","protected":false},"excerpt":{"rendered":"<p>Los lingotes de plata de 10 oz con ley 999,0 constituyen un formato intermedio que combina accesibilidad y conveniencia para aumentar la exposici\u00f3n al metal f\u00edsico sin comprometer el capital de los tama\u00f1os mayores. Refinados en Italia por Italpreziosi, est\u00e1n pensados para construir una cartera bien diversificada o para escalonar compras a lo largo del [&hellip;]<\/p>\n","protected":false},"featured_media":1342,"comment_status":"closed","ping_status":"closed","template":"","meta":{"_acf_changed":false},"product_brand":[45],"product_cat":[335,329,330,333,349,350,353],"product_tag":[],"class_list":{"0":"post-3380","1":"product","2":"type-product","3":"status-publish","4":"has-post-thumbnail","6":"product_brand-italpreziosi","7":"product_cat-plata-es","8":"product_cat-inversion","9":"product_cat-plata","10":"product_cat-lingotes-es","11":"product_cat-venta","12":"product_cat-venta-lingotes","13":"product_cat-venta-lingotes-de-plata","14":"pa_metallo-plata","16":"first","17":"instock","18":"featured","19":"taxable","20":"shipping-taxable","21":"purchasable","22":"product-type-simple"},"acf":[],"_links":{"self":[{"href":"https:\/\/shop.italpreziosi.it\/es\/wp-json\/wp\/v2\/product\/3380","targetHints":{"allow":["GET"]}}],"collection":[{"href":"https:\/\/shop.italpreziosi.it\/es\/wp-json\/wp\/v2\/product"}],"about":[{"href":"https:\/\/shop.italpreziosi.it\/es\/wp-json\/wp\/v2\/types\/product"}],"replies":[{"embeddable":true,"href":"https:\/\/shop.italpreziosi.it\/es\/wp-json\/wp\/v2\/comments?post=3380"}],"wp:featuredmedia":[{"embeddable":true,"href":"https:\/\/shop.italpreziosi.it\/es\/wp-json\/wp\/v2\/media\/1342"}],"wp:attachment":[{"href":"https:\/\/shop.italpreziosi.it\/es\/wp-json\/wp\/v2\/media?parent=3380"}],"wp:term":[{"taxonomy":"product_brand","embeddable":true,"href":"https:\/\/shop.italpreziosi.it\/es\/wp-json\/wp\/v2\/product_brand?post=3380"},{"taxonomy":"product_cat","embeddable":true,"href":"https:\/\/shop.italpreziosi.it\/es\/wp-json\/wp\/v2\/product_cat?post=3380"},{"taxonomy":"product_tag","embeddable":true,"href":"https:\/\/shop.italpreziosi.it\/es\/wp-json\/wp\/v2\/product_tag?post=3380"}],"curies":[{"name":"wp","href":"https:\/\/api.w.org\/{rel}","templated":true}]}}