{"id":3329,"date":"2025-07-09T13:59:43","date_gmt":"2025-07-09T11:59:43","guid":{"rendered":"https:\/\/shop.italpreziosi.it\/sin%20categor\u00eda\/lingotto-oro-2gr\/"},"modified":"2025-11-06T10:18:00","modified_gmt":"2025-11-06T09:18:00","slug":"lingote-de-oro-2gr","status":"publish","type":"product","link":"https:\/\/shop.italpreziosi.it\/es\/inversion\/lingotes\/oro\/lingote-de-oro-2gr\/","title":{"rendered":"Lingote de oro 2gr"},"content":{"rendered":"<p>El <strong>lingote de oro de 2 gramos<\/strong> ofrecido por <strong>Italpreziosi<\/strong> es la elecci\u00f3n perfecta para aquellos que desean comenzar a invertir en oro con un producto accesible y de alta calidad. Hecho de <strong>oro puro de 24 quilates<\/strong>, este lingote representa una inversi\u00f3n ideal tanto para nuevos inversores como para aquellos que desean diversificar a\u00fan m\u00e1s su cartera.<\/p>\n<p>A diferencia de los lingotes de mayor tama\u00f1o, el lingote de 2 gramos es <strong>una excelente opci\u00f3n para un regalo precioso<\/strong> o para <strong>una peque\u00f1a inversi\u00f3n en oro f\u00edsico<\/strong> sin comprometer un gran capital.<\/p>\n<p>Todos los lingotes de Italpreziosi se <strong>producen seg\u00fan los est\u00e1ndares m\u00e1s altos<\/strong> y cumplen con las reglas de la <strong>LBMA<\/strong> (London Bullion Market Association), asegurando as\u00ed la m\u00e1xima seguridad en tu inversi\u00f3n. Adem\u00e1s, el oro de inversi\u00f3n est\u00e1 <strong>exento de IVA<\/strong> en toda la Uni\u00f3n Europea.<\/p>\n<p>Ya sea para ti o como un regalo precioso para una ocasi\u00f3n especial, el lingote de oro de 2 gramos de Italpreziosi simboliza <strong>estabilidad y seguridad<\/strong>, dos cualidades fundamentales en cualquier contexto financiero.<\/p>\n","protected":false},"excerpt":{"rendered":"<p>El lingote de oro de 2 gramos ofrecido por Italpreziosi es la elecci\u00f3n perfecta para aquellos que desean comenzar a invertir en oro con un producto accesible y de alta calidad. Hecho de oro puro de 24 quilates, este lingote representa una inversi\u00f3n ideal tanto para nuevos inversores como para aquellos que desean diversificar a\u00fan [&hellip;]<\/p>\n","protected":false},"featured_media":970,"comment_status":"closed","ping_status":"closed","template":"","meta":{"_acf_changed":false},"product_brand":[45],"product_cat":[337,329,345,333,349,350,355],"product_tag":[],"class_list":{"0":"post-3329","1":"product","2":"type-product","3":"status-publish","4":"has-post-thumbnail","6":"product_brand-italpreziosi","7":"product_cat-oro-es","8":"product_cat-inversion","9":"product_cat-oro-es-3","10":"product_cat-lingotes-es","11":"product_cat-venta","12":"product_cat-venta-lingotes","13":"product_cat-venta-lingotes-de-oro","14":"pa_metallo-oro-es","16":"first","17":"instock","18":"featured","19":"purchasable","20":"product-type-simple"},"acf":[],"_links":{"self":[{"href":"https:\/\/shop.italpreziosi.it\/es\/wp-json\/wp\/v2\/product\/3329","targetHints":{"allow":["GET"]}}],"collection":[{"href":"https:\/\/shop.italpreziosi.it\/es\/wp-json\/wp\/v2\/product"}],"about":[{"href":"https:\/\/shop.italpreziosi.it\/es\/wp-json\/wp\/v2\/types\/product"}],"replies":[{"embeddable":true,"href":"https:\/\/shop.italpreziosi.it\/es\/wp-json\/wp\/v2\/comments?post=3329"}],"wp:featuredmedia":[{"embeddable":true,"href":"https:\/\/shop.italpreziosi.it\/es\/wp-json\/wp\/v2\/media\/970"}],"wp:attachment":[{"href":"https:\/\/shop.italpreziosi.it\/es\/wp-json\/wp\/v2\/media?parent=3329"}],"wp:term":[{"taxonomy":"product_brand","embeddable":true,"href":"https:\/\/shop.italpreziosi.it\/es\/wp-json\/wp\/v2\/product_brand?post=3329"},{"taxonomy":"product_cat","embeddable":true,"href":"https:\/\/shop.italpreziosi.it\/es\/wp-json\/wp\/v2\/product_cat?post=3329"},{"taxonomy":"product_tag","embeddable":true,"href":"https:\/\/shop.italpreziosi.it\/es\/wp-json\/wp\/v2\/product_tag?post=3329"}],"curies":[{"name":"wp","href":"https:\/\/api.w.org\/{rel}","templated":true}]}}