{"id":3326,"date":"2025-06-06T13:13:48","date_gmt":"2025-06-06T11:13:48","guid":{"rendered":"https:\/\/shop.italpreziosi.it\/sin%20categor\u00eda\/lingotto-oro-500gr\/"},"modified":"2025-11-06T10:47:00","modified_gmt":"2025-11-06T09:47:00","slug":"lingote-de-oro-500gr","status":"publish","type":"product","link":"https:\/\/shop.italpreziosi.it\/es\/inversion\/lingotes\/oro\/lingote-de-oro-500gr\/","title":{"rendered":"Lingote de oro 500gr"},"content":{"rendered":"<p>Los <strong>lingotes de oro de 500 gramos<\/strong> son una inversi\u00f3n importante. Ofrecen un<strong> importante aumento de capital<\/strong> y son el producto ideal para quienes desean<strong> preservar su patrimonio<\/strong> <strong>con oro f\u00edsico<\/strong>.<\/p>\n<p>Los lingotes de oro en venta en Italpreziosi tienen un contenido de <strong>oro de<\/strong> <strong>24 quilates <\/strong>(<strong>999,9 \/ 1000<\/strong>), est\u00e1n certificados y <strong>aprobados por la LBMA<\/strong>. Pueden convertirse f\u00e1cilmente en efectivo si decide liquidar su inversi\u00f3n. En el futuro, la demanda de oro f\u00edsico siempre superar\u00e1 a la oferta, lo que constituye otro aspecto interesante a tener en cuenta.<\/p>\n<p><strong>Sin IVA<\/strong> para los clientes de la UE.<\/p>\n","protected":false},"excerpt":{"rendered":"<p>Los lingotes de oro de 500 gramos son una inversi\u00f3n importante. Ofrecen un importante aumento de capital y son el producto ideal para quienes desean preservar su patrimonio con oro f\u00edsico. Los lingotes de oro en venta en Italpreziosi tienen un contenido de oro de 24 quilates (999,9 \/ 1000), est\u00e1n certificados y aprobados por [&hellip;]<\/p>\n","protected":false},"featured_media":1084,"comment_status":"closed","ping_status":"closed","template":"","meta":{"_acf_changed":false},"product_brand":[45],"product_cat":[337,329,345,333,349,350,355],"product_tag":[],"class_list":{"0":"post-3326","1":"product","2":"type-product","3":"status-publish","4":"has-post-thumbnail","6":"product_brand-italpreziosi","7":"product_cat-oro-es","8":"product_cat-inversion","9":"product_cat-oro-es-3","10":"product_cat-lingotes-es","11":"product_cat-venta","12":"product_cat-venta-lingotes","13":"product_cat-venta-lingotes-de-oro","14":"pa_metallo-oro-es","16":"first","17":"instock","18":"purchasable","19":"product-type-simple"},"acf":[],"_links":{"self":[{"href":"https:\/\/shop.italpreziosi.it\/es\/wp-json\/wp\/v2\/product\/3326","targetHints":{"allow":["GET"]}}],"collection":[{"href":"https:\/\/shop.italpreziosi.it\/es\/wp-json\/wp\/v2\/product"}],"about":[{"href":"https:\/\/shop.italpreziosi.it\/es\/wp-json\/wp\/v2\/types\/product"}],"replies":[{"embeddable":true,"href":"https:\/\/shop.italpreziosi.it\/es\/wp-json\/wp\/v2\/comments?post=3326"}],"wp:featuredmedia":[{"embeddable":true,"href":"https:\/\/shop.italpreziosi.it\/es\/wp-json\/wp\/v2\/media\/1084"}],"wp:attachment":[{"href":"https:\/\/shop.italpreziosi.it\/es\/wp-json\/wp\/v2\/media?parent=3326"}],"wp:term":[{"taxonomy":"product_brand","embeddable":true,"href":"https:\/\/shop.italpreziosi.it\/es\/wp-json\/wp\/v2\/product_brand?post=3326"},{"taxonomy":"product_cat","embeddable":true,"href":"https:\/\/shop.italpreziosi.it\/es\/wp-json\/wp\/v2\/product_cat?post=3326"},{"taxonomy":"product_tag","embeddable":true,"href":"https:\/\/shop.italpreziosi.it\/es\/wp-json\/wp\/v2\/product_tag?post=3326"}],"curies":[{"name":"wp","href":"https:\/\/api.w.org\/{rel}","templated":true}]}}