{"id":3324,"date":"2025-06-06T13:09:05","date_gmt":"2025-06-06T11:09:05","guid":{"rendered":"https:\/\/shop.italpreziosi.it\/sin%20categor\u00eda\/lingotto-oro-250gr\/"},"modified":"2025-11-06T10:46:49","modified_gmt":"2025-11-06T09:46:49","slug":"lingote-de-oro-250gr","status":"publish","type":"product","link":"https:\/\/shop.italpreziosi.it\/es\/inversion\/lingotes\/oro\/lingote-de-oro-250gr\/","title":{"rendered":"Lingote de oro 250gr"},"content":{"rendered":"<p>Los <strong>lingotes de oro de 250 gramos<\/strong> proceden de <strong>nuestra refiner\u00eda LBMA en Italia<\/strong> y son una excelente alternativa de inversi\u00f3n. Para quienes deseen convertir una parte de su cartera de acciones en oro f\u00edsico, o quieran aumentar el valor de un plan de pensiones o un paquete de seguros, el oro es la opci\u00f3n ideal.<\/p>\n<p>Los lingotes de oro de 250 gramos son <strong>productos de oro fundido<\/strong> y los bajos costes de producci\u00f3n hacen que siempre sea una inversi\u00f3n rentable. Nuestros precios competitivos y nuestro r\u00e1pido servicio de entrega le permiten a\u00f1adir <strong>250 gramos de oro de 24 quilates<\/strong> (<strong>.9999<\/strong>) a su cartera de inversiones de forma f\u00e1cil, fiable y confidencial. Todos los lingotes de oro de inversi\u00f3n est\u00e1n <strong>exentos de IVA<\/strong> para los residentes de la Uni\u00f3n Europea.<\/p>\n","protected":false},"excerpt":{"rendered":"<p>Los lingotes de oro de 250 gramos proceden de nuestra refiner\u00eda LBMA en Italia y son una excelente alternativa de inversi\u00f3n. Para quienes deseen convertir una parte de su cartera de acciones en oro f\u00edsico, o quieran aumentar el valor de un plan de pensiones o un paquete de seguros, el oro es la opci\u00f3n [&hellip;]<\/p>\n","protected":false},"featured_media":1069,"comment_status":"closed","ping_status":"closed","template":"","meta":{"_acf_changed":false},"product_brand":[45],"product_cat":[337,329,345,333,349,350,355],"product_tag":[],"class_list":{"0":"post-3324","1":"product","2":"type-product","3":"status-publish","4":"has-post-thumbnail","6":"product_brand-italpreziosi","7":"product_cat-oro-es","8":"product_cat-inversion","9":"product_cat-oro-es-3","10":"product_cat-lingotes-es","11":"product_cat-venta","12":"product_cat-venta-lingotes","13":"product_cat-venta-lingotes-de-oro","14":"pa_metallo-oro-es","16":"first","17":"instock","18":"purchasable","19":"product-type-simple"},"acf":[],"_links":{"self":[{"href":"https:\/\/shop.italpreziosi.it\/es\/wp-json\/wp\/v2\/product\/3324","targetHints":{"allow":["GET"]}}],"collection":[{"href":"https:\/\/shop.italpreziosi.it\/es\/wp-json\/wp\/v2\/product"}],"about":[{"href":"https:\/\/shop.italpreziosi.it\/es\/wp-json\/wp\/v2\/types\/product"}],"replies":[{"embeddable":true,"href":"https:\/\/shop.italpreziosi.it\/es\/wp-json\/wp\/v2\/comments?post=3324"}],"wp:featuredmedia":[{"embeddable":true,"href":"https:\/\/shop.italpreziosi.it\/es\/wp-json\/wp\/v2\/media\/1069"}],"wp:attachment":[{"href":"https:\/\/shop.italpreziosi.it\/es\/wp-json\/wp\/v2\/media?parent=3324"}],"wp:term":[{"taxonomy":"product_brand","embeddable":true,"href":"https:\/\/shop.italpreziosi.it\/es\/wp-json\/wp\/v2\/product_brand?post=3324"},{"taxonomy":"product_cat","embeddable":true,"href":"https:\/\/shop.italpreziosi.it\/es\/wp-json\/wp\/v2\/product_cat?post=3324"},{"taxonomy":"product_tag","embeddable":true,"href":"https:\/\/shop.italpreziosi.it\/es\/wp-json\/wp\/v2\/product_tag?post=3324"}],"curies":[{"name":"wp","href":"https:\/\/api.w.org\/{rel}","templated":true}]}}